{"id":9,"date":"2017-05-11T11:15:06","date_gmt":"2017-05-11T09:15:06","guid":{"rendered":"https:\/\/desireewicklerblog.wordpress.com\/?page_id=5"},"modified":"2023-11-21T15:02:25","modified_gmt":"2023-11-21T14:02:25","slug":"blog","status":"publish","type":"page","link":"https:\/\/www.desireewickler.net\/fr\/blog\/","title":{"rendered":"Expositions"},"content":{"rendered":"<p><\/p>\n<h4>Expositions personelles et \u00e0 deux<\/h4>\n<p><span style=\"text-decoration: underline;\">2019<\/span><br \/>\n\u00ab\u00a0Eldorado\u00a0\u00bb Abbaye de Neum\u00fcnster, Luxembourg<br \/>\n\u00ab\u00a0Verflechtung\u00a0\u00bb avec Sabine Ostermann, Kunstverein Donnersbergkreis, Kirchheimbolanden<br \/>\n<span style=\"text-decoration: underline;\">2017<\/span><br \/>\n\u00ab\u00a0Sweet Dreams?\u00a0\u00bb Abbaye de Neum\u00fcnster, Luxembourg<br \/>\n<span style=\"text-decoration: underline;\">2013<\/span><br \/>\n\u00ab\u00a0Gastmahl\u00a0\u00bb Kunstkabinett S.M. Galerie f\u00fcr aktuelle Kunst, Bonn<br \/>\n<span style=\"text-decoration: underline;\">2012<\/span><br \/>\n\u00ab\u00a0Menschenbilder\u00a0\u00bb Lucas Cranach H\u00f6fe, Wittenberg<br \/>\n\u00ab\u00a0Palavre\u201c Pallcenter, Oberpallen, LU<br \/>\n\u00ab\u00a0Motten ins Licht\u00a0\u00bb avec Eva Ademi, Galerie Kjub, Luxembourg (Catalogue)<br \/>\n<span style=\"text-decoration: underline;\">2010<\/span><br \/>\n\u00ab\u00a0Mein Herzst\u00fcck\u00a0\u00bb Kunstkabinett S.M. Galerie f\u00fcr aktuelle Kunst, Bonn<br \/>\n<span style=\"text-decoration: underline;\">2009<\/span><br \/>\n\u00ab\u00a0Alltagstod\u00a0\u00bb Br\u00fcckenforum, Bonn<br \/>\n\u00ab\u00a0Open doors\u00a0\u00bb avec Pasquale Demeco, Galerie Traumata, Bonn<br \/>\n<span style=\"text-decoration: underline;\">2008<\/span><br \/>\n\u00ab\u00a0Femmes fatales\u00a0\u00bb Galerie Kult 41, Bonn<br \/>\n\u00ab\u00a0Gefallen\u00a0\u00bb Cid femmes, Luxembourg<br \/>\n\u00ab\u00a0Exchange\u00a0\u00bb avec Norbert Hoffmann, Kulturhuef, Grevenmacher, LU<br \/>\n<span style=\"text-decoration: underline;\">2007<\/span><br \/>\n\u00ab\u00a0Danses macabres\u00a0\u00bb Galerie Support Your Local Artist, Bonn<\/p>\n<h4>Expositions collectives (s\u00e9lection)<\/h4>\n<p><span style=\"text-decoration: underline;\">2023<\/span><br \/>\n\u00ab\u00a0Lions in the City\u00a0\u00bb, CAW, Walferdange (LU)<br \/>\n<span style=\"text-decoration: underline;\">2022<\/span><br \/>\n\u00ab\u00a0New Minett\u00a0\u00bb, Koschthal, Esch-sur-Alzette (LU)<br \/>\n\u00ab\u00a0Die Angst vor dem tanzenden Tod\u00a0\u00bb Tufa Trier<br \/>\n\u00ab\u00a0Tandem Human-Corals\u00a0\u00bb, Bremen, Berlin, Bremerhaven<br \/>\n\u00ab\u00a0Made in Luxembourg\u00a0\u00bb, Gallerie Hollar, Prag (CZ)<br \/>\n\u00ab\u00a0Preview Buchkunst Trier\u00a0\u00bb, Palais Walderdorff, Trier<br \/>\n<span style=\"text-decoration: underline;\">2021<\/span><br \/>\n\u00ab\u00a0Geheimnis Papier\u00a0\u00bb, Schloss Burgau, D\u00fcren<br \/>\n\u00ab\u00a0Flying Letters\u00a0\u00bb de Birgit Jensen, Markt9, Linz<br \/>\n\u00ab\u00a0Tandem Human-Corals\u00a0\u00bb, Kiel, K\u00f6ln, D\u00fcsseldorf, M\u00fcnchen<br \/>\n\u00ab\u00a0Figure in Print\u00a0\u00bb BnL und MHNA, Luxembourg<br \/>\n<span style=\"text-decoration: underline;\">2020<\/span><br \/>\n\u00ab\u00a0La gravure dans tous ses \u00e9tats\u00a0\u00bb, Galerie Fellner contemporary, Luxembourg<br \/>\n\u00ab\u00a0Wald. Wolf. Wildnis\u00a0\u00bb, Haus Beda, Bitburg<br \/>\n\u00ab\u00a020e Biennale internationale petit format du papier\u00a0\u00bb Mus\u00e9e du Petit Format, Nismes, Arlon, Br\u00fcssel, Sint-Niklaas (BE)<br \/>\n\u00ab\u00a0Trump\u00a0\u00bb, Einsteinhaus, Ulm<br \/>\n\u00ab\u00a0druckFEST2\u00a0\u00bb, BBK Galerie, Mainz<br \/>\n<span style=\"text-decoration: underline;\">2019<\/span><br \/>\n\u00ab\u00a0LinzundKuns\u00a0\u00bb Kunstverein Linz<br \/>\n\u00ab\u00a0Trump\u00a0\u00bb Leverkusen, Monheim am Rhein, M\u00fcnchen, Ulft (NL)<br \/>\n<span style=\"text-decoration: underline;\">2018<\/span><br \/>\n\u00ab\u00a019e Biennale internationale petit format du papier\u00a0\u00bb Mus\u00e9e du Petit Format, Nismes, Arlon, Bruxelles (BE)<br \/>\n\u00ab\u00a0Trump\u00a0\u00bb D\u00fcsseldorf, Deggendorf, Hamburg, Bochum<br \/>\n\u00ab\u00a0Le fil rouge\u00a0\u00bb, Pavillon du Centenaire, Esch-sur-Alzette (LU)<br \/>\n\u00ab\u00a0Printmaking 2018\u00a0\u00bb, Carr\u00e9, Luxembourg<br \/>\n<span style=\"text-decoration: underline;\">2017<\/span><br \/>\n\u00ab\u00a0Trump\u00a0\u00bb Bunker k101, Cologne<br \/>\n\u00ab\u00a0Uecht\u00a0\u00bb Esch-sur-Alzette (LU)<br \/>\n<span style=\"text-decoration: underline;\">2016<\/span><br \/>\n\u00ab\u00a0Parasit Paradise\u00a0\u00bb Abbaye de Neum\u00fcnster, Luxembourg (Catalogue)<br \/>\n\u00ab\u00a0Dead End Stories\u00a0\u00bb Konschthaus Beim Engel, Luxembourg (Catalogue)<br \/>\n\u00ab\u00a0Piccolo\u00a0\u00bb Kunsthaus Troisdorf<br \/>\n<span style=\"text-decoration: underline;\">2015<\/span><br \/>\n\u00ab\u00a0Luxembourg Art Week\u00a0\u00bb Halle Viktor Hugo, Luxembourg (Catalogue)<br \/>\n\u00ab\u00a0Quartier 3\u00a0\u00bb Esch-sur-Alzette, LU<br \/>\n<span style=\"text-decoration: underline;\">2014<\/span><br \/>\n\u00ab\u00a0Peintures &amp; Sculptures\u00a0\u00bb Galerie op der Cap, Capellen, LU<br \/>\n<span style=\"text-decoration: underline;\">2013<\/span><br \/>\n\u00ab\u00a0L&rsquo;Art Rochette\u00a0\u00bb Ch\u00e2teau de Larochette, Larochette, LU<br \/>\n\u00ab\u00a0Error 404\u00a0\u00bb Haus an der Redoute, Bonn<br \/>\n\u00ab\u00a0Wasteland\u00a0\u00bb Konschthaus Beim Engel, Luxembourg (Catalogue)<br \/>\n<span style=\"text-decoration: underline;\">2012<\/span><br \/>\n\u00ab\u00a0fading memories\u00a0\u00bb K\u00fcnstlerforum Bonn<br \/>\n<span style=\"text-decoration: underline;\">2011<\/span><br \/>\n\u00ab\u00a0Bildet Kunst\u00a0\u00bb Caesar, Bonn (Catalogue)<br \/>\n\u00ab\u00a0Can somegirl plug me in?\u00a0\u00bb Galerie Terres rouges, Esch-sur-Alzette, LU<br \/>\n\u00ab\u00a0Expressive\u00a0\u00bb Kulturhaus Niederanven, LU<br \/>\n<span style=\"text-decoration: underline;\">2010<\/span><br \/>\n\u00ab\u00a0Verpasst!!!\u00a0\u00bb Galerie Traumata, Bonn (Catalogue)<br \/>\n\u00ab\u00a0Wanted &amp; Arrested\u00a0\u00bb Kulturhaus Niederanven, LU<br \/>\n\u00ab\u00a0eigenBlick\u00a0\u00bb Stadtmuseum Siegburg<br \/>\n\u00ab\u00a0Borderline\u00a0\u00bb Haus an der Redoute, Bonn<br \/>\n\u00ab\u00a0Artmix4\u00a0\u00bb Konschthaus Beim Engel, Luxembourg (Catalogue)<br \/>\n<span style=\"text-decoration: underline;\">2009<\/span><br \/>\n\u00ab\u00a0Salon CAL\u00a0\u00bb Carr\u00e9Rotondes, Luxembourg (Catalogue)<br \/>\n\u00ab\u00a0Artmix4\u00a0\u00bb KuBa, Saarbruck (Catalogue)<br \/>\n2008<br \/>\n\u00ab\u00a0Wechselwarm\u00a0\u00bb K\u00fcnstlerforum, Bonn<br \/>\n\u00ab\u00a0Grossfeldgrafik und Das K\u00fcnstlerbuch\u00a0\u00bb Br\u00fcckenforum, Bonn<br \/>\n\u00ab\u00a0Triebwerk\u00a0\u00bb Jack in the Box, Cologne (Catalogue)<br \/>\n\u00ab\u00a0Gr\u00fcn gleicht gr\u00fcn\u00a0\u00bb Kunststadion Kleinsassen (Catalogue)<br \/>\n\u00ab\u00a0Die Schrift im Bild : Das K\u00fcnstlerbuch\u00a0\u00bb Museum Ludwig, Cologne<br \/>\n<span style=\"text-decoration: underline;\">2007<\/span><br \/>\n\u00ab\u00a0Sob a pele\u00a0\u00bb Funda\u00e7\u00e3o Cultural Badesc, Florian\u00f3polis, BR (Catalogue)<br \/>\n\u00ab\u00a0Dialoge\u00a0\u00bb DA Kunsthaus Kloster Gravenhorst, H\u00f6rstel<br \/>\n\u00ab\u00a0Das K\u00fcnstlerbuch: Ein Raum f\u00fcr Lyrik\u00a0\u00bb Museum Ludwig, Cologne<br \/>\n<span style=\"text-decoration: underline;\">2006<\/span><br \/>\n\u00ab\u00a0Seitenansichten; K\u00fcnstlerb\u00fccher und Collagen\u00a0\u00bb Br\u00fcckenforum, Bonn<\/p>","protected":false},"excerpt":{"rendered":"<p>Dies ist nur ein kurzer Auszug deines Blogs.<\/p>\n","protected":false},"author":2,"featured_media":76,"parent":0,"menu_order":1,"comment_status":"closed","ping_status":"closed","template":"","meta":{"om_disable_all_campaigns":false,"_exactmetrics_skip_tracking":false,"_exactmetrics_sitenote_active":false,"_exactmetrics_sitenote_note":"","_exactmetrics_sitenote_category":0,"_monsterinsights_skip_tracking":false,"_monsterinsights_sitenote_active":false,"_monsterinsights_sitenote_note":"","_monsterinsights_sitenote_category":0,"footnotes":""},"class_list":["post-9","page","type-page","status-publish","has-post-thumbnail","hentry"],"aioseo_notices":[],"_links":{"self":[{"href":"https:\/\/www.desireewickler.net\/fr\/wp-json\/wp\/v2\/pages\/9","targetHints":{"allow":["GET"]}}],"collection":[{"href":"https:\/\/www.desireewickler.net\/fr\/wp-json\/wp\/v2\/pages"}],"about":[{"href":"https:\/\/www.desireewickler.net\/fr\/wp-json\/wp\/v2\/types\/page"}],"author":[{"embeddable":true,"href":"https:\/\/www.desireewickler.net\/fr\/wp-json\/wp\/v2\/users\/2"}],"replies":[{"embeddable":true,"href":"https:\/\/www.desireewickler.net\/fr\/wp-json\/wp\/v2\/comments?post=9"}],"version-history":[{"count":47,"href":"https:\/\/www.desireewickler.net\/fr\/wp-json\/wp\/v2\/pages\/9\/revisions"}],"predecessor-version":[{"id":3917,"href":"https:\/\/www.desireewickler.net\/fr\/wp-json\/wp\/v2\/pages\/9\/revisions\/3917"}],"wp:featuredmedia":[{"embeddable":true,"href":"https:\/\/www.desireewickler.net\/fr\/wp-json\/wp\/v2\/media\/76"}],"wp:attachment":[{"href":"https:\/\/www.desireewickler.net\/fr\/wp-json\/wp\/v2\/media?parent=9"}],"curies":[{"name":"wp","href":"https:\/\/api.w.org\/{rel}","templated":true}]}}