{"id":493,"date":"2017-05-16T15:21:24","date_gmt":"2017-05-16T13:21:24","guid":{"rendered":"https:\/\/desireewicklerblog.wordpress.com\/?page_id=493"},"modified":"2018-01-24T15:49:52","modified_gmt":"2018-01-24T14:49:52","slug":"papierbaeumchen-und-maerchenhafte-zeichnungen","status":"publish","type":"page","link":"https:\/\/www.desireewickler.net\/fr\/home\/papierbaeumchen-und-maerchenhafte-zeichnungen\/","title":{"rendered":"Papierb\u00e4umchen und m\u00e4rchenhafte Zeichnungen"},"content":{"rendered":"<p><\/p>\n<h6>25.06.2008, Luxemburger Wort<\/h6>\n<p>Ausstellung und Buchprojekt von Norbert Hoffmann feat. D\u00e9sir\u00e9e Wickler<\/p>\n<p><b>Unter dem Titel \u00ab\u00a0Exchange\u00a0\u00bb stellen der deutsche K\u00fcnstler Norbert Hoffmann aus Bonn und die luxemburgische Kunststudentin D\u00e9sir\u00e9e Wickler noch den ganzen Sommer \u00fcber ihre Werke und ein gemeinsames Buchprojekt aus.<\/b><\/p>\n<p>Die Er\u00f6ffnung fand am 18. Mai im Rahmen des Internationalen Museumstages statt und beinhaltete eine F\u00fchrung durchs Druck- und Spielkartenmuseum sowie den Workshop \u00ab\u00a0Die Entdeckung des Papiers in 3 Dimensionen\u00a0\u00bb f\u00fcr Kinder und Erwachsene. Dies ist auch das Thema von Norbert Hoffmanns Exponaten, das er mit eigenartigen Gebilden aus Pappmach\u00e9 und pilz\u00e4hnlichen Papierskulpturen zum Ausdruck bringt. Papier, meist als Flachware benutzt, Tr\u00e4ger von Schrift und Bild, erh\u00e4lt von ihm eine dritte Dimension. Reliefartige Wandbilder mit geometrischen Formen sowie handliche bis mannshohe Skulpturen stehen wie wei\u00dfe oder schwarze B\u00e4umchen im Raum. Gefertigt wurden sie aus linsenf\u00f6rmigen Halbschalen, die in unterschiedlicher Weise aufeinander geschichtet eine unregelm\u00e4\u00dfige S\u00e4ule oder eine Art B\u00e4umchen mit weit verzweigten \u00c4sten ergeben. Ein gr\u00fcner Apfel in der Skulptur \u00ab\u00a0Adam und Eva\u00a0\u00bb wird unwillk\u00fcrlich zum Blickfang und dient zum besseren Verst\u00e4ndnisses des Titels. Weitere Papierskulpturen haben die Form eines Buches mit blauen und gr\u00fcnen Quadraten und weisen auf das gemeinsame Buchprojekt mit D\u00e9sir\u00e9ee Wickler hin. In den Vitrinen liegen schon die dazugeh\u00f6rigen Utensilien (Buchdeckel, Einband usw.) bereit. Im Laufe der Ausstellung soll es auf den historischen Pressen des Museums umgesetzt werden. Es soll wohl eine Art modernes Bilderbuch werden, denn die Originalzeichnungen von D\u00e9sir\u00e9e Wickler h\u00e4ngen an der Wand und erz\u00e4hlen eine Geschichte von Prinzessinnen, goldenen Kronen, Teufelchen, Fr\u00f6schen, Kreuzspinnen, P\u00e9ckvillecher und geheimen Symbolen (\u00ab\u00a0Danses macabres\u00a0\u00bb). Sie sind mit Tusche ausschlie\u00dflich in den Farben Schwarz, Rot und Gold gehalten und lassen aufgrund der z\u00fcgigen Pinselstriche und Stilisierungen ein modernes M\u00e4rchen vermuten.<\/p>\n<p><b>Sich aufeinander einlassen<\/b><\/p>\n<p>Ein Ausblick auf die Ergebnisse zur Drucklegung des ersten Bandes mit dem Titel \u00ab\u00a0Entr\u00e9e\u00a0\u00bb wird bereits gegeben, in einer Auflage von 30 Exemplaren wird es im Hochdruckverfahren mehrfarbig gedruckt und als Leporello gebunden. Vorgestellt wird auch die rote Eintrittskarte mit der goldenen Aufschrift \u00ab\u00a0Reise zum Mittelpunkt der Erde\u00a0\u00bb, die f\u00fcr den zweiten Band ben\u00f6tigt wird. Sie erscheint in einer Auflage von 80 Exemplaren und ist in verschiedenen aufw\u00e4ndigen Techniken gefertigt. Wenn zwei K\u00fcnstler zusammenarbeiten. So bedeutet es f\u00fcr sie, sich aufeinander einzulassen. Die eigene Wahrnehmung st\u00f6\u00dft auf die eines anderen und alles ger\u00e4t in Bewegung, die Horizonte ver\u00e4ndern sich und der Ausdruck erweitert die eigene k\u00fcnstlerische Vorstellung. Ein gemeinsames Projekt kann als Spiel angesehen werden, in das jeder seine F\u00e4higkeiten einbringt, sie nicht triumphierend durchsetz, sondern als M\u00f6glichkeit darbietet. Eine Allianz, die unterschiedliche Arbeitsweisen, Erfahrungen, k\u00fcnstlerische Ans\u00e4tze und Technik zusammenf\u00fchrt. Das Projekt ist ein Ergebnis, von dem in Etappen berichtet wird. Die Besucher werden von den K\u00fcnstlern aufgefordert, dieses gemeinsame Buchprojekt im Laufe der Ausstellung gedeihen zu sehen. Auf die Fertigstellung des ersten Bandes darf man gespannt sein&#8230;<\/p>\n<p>Von Marianne Eisen<\/p>","protected":false},"excerpt":{"rendered":"<p>25.06.2008, Luxemburger Wort Ausstellung und Buchprojekt von Norbert Hoffmann feat. D\u00e9sir\u00e9e Wickler Unter dem Titel \u00ab\u00a0Exchange\u00a0\u00bb stellen der deutsche K\u00fcnstler Norbert Hoffmann aus Bonn und die luxemburgische Kunststudentin D\u00e9sir\u00e9e Wickler noch den ganzen Sommer \u00fcber ihre Werke und ein gemeinsames Buchprojekt aus. Die Er\u00f6ffnung fand am 18. Mai im Rahmen des Internationalen Museumstages statt und [&hellip;]<\/p>\n","protected":false},"author":2,"featured_media":495,"parent":6,"menu_order":0,"comment_status":"closed","ping_status":"closed","template":"","meta":{"om_disable_all_campaigns":false,"_exactmetrics_skip_tracking":false,"_exactmetrics_sitenote_active":false,"_exactmetrics_sitenote_note":"","_exactmetrics_sitenote_category":0,"_monsterinsights_skip_tracking":false,"_monsterinsights_sitenote_active":false,"_monsterinsights_sitenote_note":"","_monsterinsights_sitenote_category":0,"footnotes":""},"class_list":["post-493","page","type-page","status-publish","has-post-thumbnail","hentry"],"aioseo_notices":[],"_links":{"self":[{"href":"https:\/\/www.desireewickler.net\/fr\/wp-json\/wp\/v2\/pages\/493","targetHints":{"allow":["GET"]}}],"collection":[{"href":"https:\/\/www.desireewickler.net\/fr\/wp-json\/wp\/v2\/pages"}],"about":[{"href":"https:\/\/www.desireewickler.net\/fr\/wp-json\/wp\/v2\/types\/page"}],"author":[{"embeddable":true,"href":"https:\/\/www.desireewickler.net\/fr\/wp-json\/wp\/v2\/users\/2"}],"replies":[{"embeddable":true,"href":"https:\/\/www.desireewickler.net\/fr\/wp-json\/wp\/v2\/comments?post=493"}],"version-history":[{"count":1,"href":"https:\/\/www.desireewickler.net\/fr\/wp-json\/wp\/v2\/pages\/493\/revisions"}],"predecessor-version":[{"id":1510,"href":"https:\/\/www.desireewickler.net\/fr\/wp-json\/wp\/v2\/pages\/493\/revisions\/1510"}],"up":[{"embeddable":true,"href":"https:\/\/www.desireewickler.net\/fr\/wp-json\/wp\/v2\/pages\/6"}],"wp:featuredmedia":[{"embeddable":true,"href":"https:\/\/www.desireewickler.net\/fr\/wp-json\/wp\/v2\/media\/495"}],"wp:attachment":[{"href":"https:\/\/www.desireewickler.net\/fr\/wp-json\/wp\/v2\/media?parent=493"}],"curies":[{"name":"wp","href":"https:\/\/api.w.org\/{rel}","templated":true}]}}