{"id":473,"date":"2017-05-16T15:07:35","date_gmt":"2017-05-16T13:07:35","guid":{"rendered":"https:\/\/desireewicklerblog.wordpress.com\/?page_id=473"},"modified":"2018-01-24T15:21:50","modified_gmt":"2018-01-24T14:21:50","slug":"keramik-maden-auf-den-mauern","status":"publish","type":"page","link":"https:\/\/www.desireewickler.net\/fr\/home\/keramik-maden-auf-den-mauern\/","title":{"rendered":"Keramik-Maden auf den Mauern"},"content":{"rendered":"<p><\/p>\n<h6>23.08.2010, K\u00f6lner\u00a0Stadt-Anzeiger<\/h6>\n<p>GEDOK Ausstellung im Stadtmuseum<br \/>\n(&#8230;) Drei K\u00fcnstlerb\u00fccher pr\u00e4sentiert D\u00e9sir\u00e9e Wickler aus Bonn in einer Vitrine. B\u00fcttenpapier, Stoff und Graupappe sind ihr Material, verschiedene Drucktechniken und Tuschezeichnungen neben dem Buchbinden ihre Techniken.<\/p>\n<p>Die K\u00fcnstlerb\u00fccher von D\u00e9sir\u00e9e Wickler \u00fcberraschen mit einem vielschichtigen Text- und Bildmix.<\/p>\n<p>von J\u00fcrgen R\u00f6hrig<\/p>","protected":false},"excerpt":{"rendered":"<p>23.08.2010, K\u00f6lner\u00a0Stadt-Anzeiger GEDOK Ausstellung im Stadtmuseum (&#8230;) Drei K\u00fcnstlerb\u00fccher pr\u00e4sentiert D\u00e9sir\u00e9e Wickler aus Bonn in einer Vitrine. B\u00fcttenpapier, Stoff und Graupappe sind ihr Material, verschiedene Drucktechniken und Tuschezeichnungen neben dem Buchbinden ihre Techniken. Die K\u00fcnstlerb\u00fccher von D\u00e9sir\u00e9e Wickler \u00fcberraschen mit einem vielschichtigen Text- und Bildmix. von J\u00fcrgen R\u00f6hrig<\/p>\n","protected":false},"author":2,"featured_media":475,"parent":6,"menu_order":0,"comment_status":"closed","ping_status":"closed","template":"","meta":{"om_disable_all_campaigns":false,"_exactmetrics_skip_tracking":false,"_exactmetrics_sitenote_active":false,"_exactmetrics_sitenote_note":"","_exactmetrics_sitenote_category":0,"_monsterinsights_skip_tracking":false,"_monsterinsights_sitenote_active":false,"_monsterinsights_sitenote_note":"","_monsterinsights_sitenote_category":0,"footnotes":""},"class_list":["post-473","page","type-page","status-publish","has-post-thumbnail","hentry"],"aioseo_notices":[],"_links":{"self":[{"href":"https:\/\/www.desireewickler.net\/fr\/wp-json\/wp\/v2\/pages\/473","targetHints":{"allow":["GET"]}}],"collection":[{"href":"https:\/\/www.desireewickler.net\/fr\/wp-json\/wp\/v2\/pages"}],"about":[{"href":"https:\/\/www.desireewickler.net\/fr\/wp-json\/wp\/v2\/types\/page"}],"author":[{"embeddable":true,"href":"https:\/\/www.desireewickler.net\/fr\/wp-json\/wp\/v2\/users\/2"}],"replies":[{"embeddable":true,"href":"https:\/\/www.desireewickler.net\/fr\/wp-json\/wp\/v2\/comments?post=473"}],"version-history":[{"count":1,"href":"https:\/\/www.desireewickler.net\/fr\/wp-json\/wp\/v2\/pages\/473\/revisions"}],"predecessor-version":[{"id":1506,"href":"https:\/\/www.desireewickler.net\/fr\/wp-json\/wp\/v2\/pages\/473\/revisions\/1506"}],"up":[{"embeddable":true,"href":"https:\/\/www.desireewickler.net\/fr\/wp-json\/wp\/v2\/pages\/6"}],"wp:featuredmedia":[{"embeddable":true,"href":"https:\/\/www.desireewickler.net\/fr\/wp-json\/wp\/v2\/media\/475"}],"wp:attachment":[{"href":"https:\/\/www.desireewickler.net\/fr\/wp-json\/wp\/v2\/media?parent=473"}],"curies":[{"name":"wp","href":"https:\/\/api.w.org\/{rel}","templated":true}]}}