{"id":432,"date":"2017-05-16T14:41:12","date_gmt":"2017-05-16T12:41:12","guid":{"rendered":"https:\/\/desireewicklerblog.wordpress.com\/?page_id=432"},"modified":"2017-05-16T14:41:12","modified_gmt":"2017-05-16T12:41:12","slug":"femmes-fatales","status":"publish","type":"page","link":"https:\/\/www.desireewickler.net\/fr\/home\/femmes-fatales\/","title":{"rendered":"Femmes Fatales"},"content":{"rendered":"<h6>21.02.2008, Feuilleton General Anzeiger<\/h6>\n<p>&nbsp;<\/p>\n<p><b>AUSSTELLUNG<\/b> Die K\u00fcnstlerin Desiree Wickler im Kult 41<\/p>\n<p>Parallel zu ihren Vorbereitungen auf das bevorstehende Diplomexamen, hat Desiree Wickler ihrem Schaffensdrang im Kult 41 an zwei spannenden Forschungsprojekten ausgetobt. Auf einem zehn Meter messendem Fries projiziert die 1983 in Luxemburg geborene Alanus Studentin ein Gebr\u00e4u, das Z\u00fcge von Hexensabbat, Gespenstersonate und dem Ambiente von Boudoirs und Nachtklubs vereint. Da jagt mit treffsicherer Verwegenheit und hin und wieder in stiller Konzentration ein Grafitstift \u00fcber eine Papierbahn, auf der das Thema \u00ab\u00a0femmes fatales\u00a0\u00bb in zwielichtigen Blitzlichtgewittern aufleuchtet. Aus dem expressiven Figurenreigen kristallisieren sich die Phantome von irgendwie vertrauten Frauengestalten heraus: Sphinx, Cleopatra, Medusa, Circe, Sarah, Judith oder auch Anspielungen auf Courbets Frauenimperium. In ihrer dramatisch aufbereiteten Recherche hinterfragt die talentierte Zeichnerin mythologische und kunsthistorische Inspirationsquellen und entlockt diesen neue Wege der Interpretation. Machtanspr\u00fcche, Aggressionsgel\u00fcste und ein raffiniert eingesetztes Sinnlichkeitspotenzial dominieren einen Frauenkosmos, der durchaus zeitgem\u00e4\u00dfe Parallelen nahe legt.<\/p>\n<p>Von Christina zu Mecklenburg<\/p>\n","protected":false},"excerpt":{"rendered":"<p>21.02.2008, Feuilleton General Anzeiger &nbsp; AUSSTELLUNG Die K\u00fcnstlerin Desiree Wickler im Kult 41 Parallel zu ihren Vorbereitungen auf das bevorstehende Diplomexamen, hat Desiree Wickler ihrem Schaffensdrang im Kult 41 an zwei spannenden Forschungsprojekten ausgetobt. Auf einem zehn Meter messendem Fries projiziert die 1983 in Luxemburg geborene Alanus Studentin ein Gebr\u00e4u, das Z\u00fcge von Hexensabbat, Gespenstersonate [&hellip;]<\/p>\n","protected":false},"author":2,"featured_media":433,"parent":6,"menu_order":0,"comment_status":"closed","ping_status":"closed","template":"","meta":{"om_disable_all_campaigns":false,"_exactmetrics_skip_tracking":false,"_exactmetrics_sitenote_active":false,"_exactmetrics_sitenote_note":"","_exactmetrics_sitenote_category":0,"_monsterinsights_skip_tracking":false,"_monsterinsights_sitenote_active":false,"_monsterinsights_sitenote_note":"","_monsterinsights_sitenote_category":0,"footnotes":""},"class_list":["post-432","page","type-page","status-publish","has-post-thumbnail","hentry"],"aioseo_notices":[],"_links":{"self":[{"href":"https:\/\/www.desireewickler.net\/fr\/wp-json\/wp\/v2\/pages\/432","targetHints":{"allow":["GET"]}}],"collection":[{"href":"https:\/\/www.desireewickler.net\/fr\/wp-json\/wp\/v2\/pages"}],"about":[{"href":"https:\/\/www.desireewickler.net\/fr\/wp-json\/wp\/v2\/types\/page"}],"author":[{"embeddable":true,"href":"https:\/\/www.desireewickler.net\/fr\/wp-json\/wp\/v2\/users\/2"}],"replies":[{"embeddable":true,"href":"https:\/\/www.desireewickler.net\/fr\/wp-json\/wp\/v2\/comments?post=432"}],"version-history":[{"count":0,"href":"https:\/\/www.desireewickler.net\/fr\/wp-json\/wp\/v2\/pages\/432\/revisions"}],"up":[{"embeddable":true,"href":"https:\/\/www.desireewickler.net\/fr\/wp-json\/wp\/v2\/pages\/6"}],"wp:featuredmedia":[{"embeddable":true,"href":"https:\/\/www.desireewickler.net\/fr\/wp-json\/wp\/v2\/media\/433"}],"wp:attachment":[{"href":"https:\/\/www.desireewickler.net\/fr\/wp-json\/wp\/v2\/media?parent=432"}],"curies":[{"name":"wp","href":"https:\/\/api.w.org\/{rel}","templated":true}]}}