{"id":410,"date":"2017-05-16T14:30:39","date_gmt":"2017-05-16T12:30:39","guid":{"rendered":"https:\/\/desireewicklerblog.wordpress.com\/?page_id=410"},"modified":"2017-05-16T14:30:39","modified_gmt":"2017-05-16T12:30:39","slug":"410-2","status":"publish","type":"page","link":"https:\/\/www.desireewickler.net\/fr\/home\/410-2\/","title":{"rendered":"D\u00e9sir\u00e9e Wickler und der Sch\u00f6nheitswahn"},"content":{"rendered":"<h6>20.06.2007, Bonner General Anzeiger<img loading=\"lazy\" decoding=\"async\" class=\"alignnone size-full wp-image-412\" src=\"http:\/\/wordpress.desireewickler.net\/wp-content\/uploads\/2017\/05\/danses-macabres-presse-ga.jpg\" alt=\"danses-macabres-presse-ga-\" width=\"485\" height=\"497\" srcset=\"https:\/\/www.desireewickler.net\/wp-content\/uploads\/2017\/05\/danses-macabres-presse-ga.jpg 485w, https:\/\/www.desireewickler.net\/wp-content\/uploads\/2017\/05\/danses-macabres-presse-ga-293x300.jpg 293w\" sizes=\"auto, (max-width: 485px) 100vw, 485px\" \/><\/h6>\n<hr \/>\n<h6>09.06.2007, http:\/\/www.kultur-in-bonn.de\/<\/h6>\n<p>Ausstellung, Vernissage &#8211; 09. Juni 2007 &#8211; Jan-Hendrik Junker<\/p>\n<p><b>Vernis<\/b><b>sage \u00ab\u00a0dance macabres\u00a0\u00bb von D\u00e9sir\u00e9e Wickler<\/b> <b>Am 10.06.2007 um 19:00 Uhr er\u00f6ffnet die Ausstellung \u00ab\u00a0dance macabres\u00a0\u00bb von D\u00e9sir\u00e9e Wickler in den R\u00e4umen von support your local artist.<\/b><\/p>\n<p>D\u00e9sir\u00e9e Wickler, Jahrgang 1983, zeigt ab dem 10. Juni ihre Zeichnungen. Die Fetischisierung des menschlichen K\u00f6rpers kommentierte Wickler schon fr\u00fch in vielf\u00e4ltiger Weise, zum Beispiel mittels eines ihrer K\u00fcnstlerb\u00fccher, das Anleitungen gibt, wie man den \u00ab\u00a0Body\u00a0\u00bb des Freundes oder der Freundin zum Ideal \u00ab\u00a0pimpen\u00a0\u00bb kann, ganz im Stil der Fernsehsendung \u00ab\u00a0pimp my ride\u00a0\u00bb, in der alte Autos \u00fcbertrieben aufgemotzt werden. Eine Serie von Zeichnungen zeigt t\u00e4towierte, weibliche und m\u00e4nnliche K\u00f6rper. Die mit Graphit gestalteten Leiber treten dabei hinter den farbigen Acryl-Tattoos zur\u00fcck. K\u00f6rper geh\u00f6rt nicht mehr zum Selbst, er wird objektiviert, um ihn als Medium der Reflexion von Schmerz und Lust zu erfahren.<\/p>\n<p>Die Mitglieder des im Jahr 2006 eingetragenen Vereins support your local artist sind Studierende und Absolventen der Alanus Hochschule f\u00fcr Kunst und Gesellschaft in Alfter. Ein besonderes Programm liegt dem Zusammenschluss der K\u00fcnstler zugrunde. Sie belegen abwechselnd das Atelier in den R\u00e4umlichkeiten des Vereins in Bonn-Castell und entwickeln jeweils in einem Zeitraum von 50 Tagen ihre Arbeiten, beziehungsweise stellen diese fertig, um sie im Anschluss zehn Tage lang zu pr\u00e4sentieren.<\/p>\n<p>D\u00e9sir\u00e9e Wickler. Zeichnungen. Von 10. bis 20. Juni 2007, Er\u00f6ffnung, 10. Juni, 19 Uhr<\/p>\n","protected":false},"excerpt":{"rendered":"<p>20.06.2007, Bonner General Anzeiger 09.06.2007, http:\/\/www.kultur-in-bonn.de\/ Ausstellung, Vernissage &#8211; 09. Juni 2007 &#8211; Jan-Hendrik Junker Vernissage \u00ab\u00a0dance macabres\u00a0\u00bb von D\u00e9sir\u00e9e Wickler Am 10.06.2007 um 19:00 Uhr er\u00f6ffnet die Ausstellung \u00ab\u00a0dance macabres\u00a0\u00bb von D\u00e9sir\u00e9e Wickler in den R\u00e4umen von support your local artist. D\u00e9sir\u00e9e Wickler, Jahrgang 1983, zeigt ab dem 10. Juni ihre Zeichnungen. Die Fetischisierung [&hellip;]<\/p>\n","protected":false},"author":2,"featured_media":412,"parent":6,"menu_order":0,"comment_status":"closed","ping_status":"closed","template":"","meta":{"om_disable_all_campaigns":false,"_exactmetrics_skip_tracking":false,"_exactmetrics_sitenote_active":false,"_exactmetrics_sitenote_note":"","_exactmetrics_sitenote_category":0,"_monsterinsights_skip_tracking":false,"_monsterinsights_sitenote_active":false,"_monsterinsights_sitenote_note":"","_monsterinsights_sitenote_category":0,"footnotes":""},"class_list":["post-410","page","type-page","status-publish","has-post-thumbnail","hentry"],"aioseo_notices":[],"_links":{"self":[{"href":"https:\/\/www.desireewickler.net\/fr\/wp-json\/wp\/v2\/pages\/410","targetHints":{"allow":["GET"]}}],"collection":[{"href":"https:\/\/www.desireewickler.net\/fr\/wp-json\/wp\/v2\/pages"}],"about":[{"href":"https:\/\/www.desireewickler.net\/fr\/wp-json\/wp\/v2\/types\/page"}],"author":[{"embeddable":true,"href":"https:\/\/www.desireewickler.net\/fr\/wp-json\/wp\/v2\/users\/2"}],"replies":[{"embeddable":true,"href":"https:\/\/www.desireewickler.net\/fr\/wp-json\/wp\/v2\/comments?post=410"}],"version-history":[{"count":0,"href":"https:\/\/www.desireewickler.net\/fr\/wp-json\/wp\/v2\/pages\/410\/revisions"}],"up":[{"embeddable":true,"href":"https:\/\/www.desireewickler.net\/fr\/wp-json\/wp\/v2\/pages\/6"}],"wp:featuredmedia":[{"embeddable":true,"href":"https:\/\/www.desireewickler.net\/fr\/wp-json\/wp\/v2\/media\/412"}],"wp:attachment":[{"href":"https:\/\/www.desireewickler.net\/fr\/wp-json\/wp\/v2\/media?parent=410"}],"curies":[{"name":"wp","href":"https:\/\/api.w.org\/{rel}","templated":true}]}}