{"id":400,"date":"2017-05-16T14:07:55","date_gmt":"2017-05-16T12:07:55","guid":{"rendered":"https:\/\/desireewicklerblog.wordpress.com\/?page_id=400"},"modified":"2020-06-16T15:43:32","modified_gmt":"2020-06-16T13:43:32","slug":"exhibition-views","status":"publish","type":"page","link":"https:\/\/www.desireewickler.net\/fr\/blog\/exhibition-views\/","title":{"rendered":"Vues d&rsquo;expositions"},"content":{"rendered":"<p><a href=\"http:\/\/eldorado.desireewickler.net\/deutsch-das-projekt\/ausstellungsansichten\/\"><img loading=\"lazy\" decoding=\"async\" class=\"alignnone wp-image-2111 size-full\" src=\"https:\/\/www.desireewickler.net\/wp-content\/uploads\/2019\/12\/d17-web.jpg\" alt=\"\" width=\"850\" height=\"638\" srcset=\"https:\/\/www.desireewickler.net\/wp-content\/uploads\/2019\/12\/d17-web.jpg 850w, https:\/\/www.desireewickler.net\/wp-content\/uploads\/2019\/12\/d17-web-300x225.jpg 300w, https:\/\/www.desireewickler.net\/wp-content\/uploads\/2019\/12\/d17-web-768x576.jpg 768w, https:\/\/www.desireewickler.net\/wp-content\/uploads\/2019\/12\/d17-web-600x450.jpg 600w, https:\/\/www.desireewickler.net\/wp-content\/uploads\/2019\/12\/d17-web-700x525.jpg 700w, https:\/\/www.desireewickler.net\/wp-content\/uploads\/2019\/12\/d17-web-533x400.jpg 533w\" sizes=\"auto, (max-width: 850px) 100vw, 850px\" \/><\/a><b>Eldorado<br \/>\n<\/b>Abbaye de ne\u00efmenster, Luxembourg |\u00a02019<br \/>\nPhoto: Emile Hengen<\/p>\n<hr \/>\n<p><img loading=\"lazy\" decoding=\"async\" class=\"alignnone wp-image-1824 size-full\" src=\"https:\/\/www.desireewickler.net\/wp-content\/uploads\/2018\/11\/20181114_151910web.jpg\" alt=\"\" width=\"850\" height=\"666\" srcset=\"https:\/\/www.desireewickler.net\/wp-content\/uploads\/2018\/11\/20181114_151910web.jpg 850w, https:\/\/www.desireewickler.net\/wp-content\/uploads\/2018\/11\/20181114_151910web-300x235.jpg 300w, https:\/\/www.desireewickler.net\/wp-content\/uploads\/2018\/11\/20181114_151910web-768x602.jpg 768w, https:\/\/www.desireewickler.net\/wp-content\/uploads\/2018\/11\/20181114_151910web-600x470.jpg 600w, https:\/\/www.desireewickler.net\/wp-content\/uploads\/2018\/11\/20181114_151910web-700x548.jpg 700w, https:\/\/www.desireewickler.net\/wp-content\/uploads\/2018\/11\/20181114_151910web-511x400.jpg 511w\" sizes=\"auto, (max-width: 850px) 100vw, 850px\" \/><b>The The Iron Maiden Of Tuam + Mother Tuam<br \/>\n<\/b>K\u00fcnstlerforum Bonn | 2018<br \/>\nPhoto: Eva Ademi<\/p>\n<hr \/>\n<p><img loading=\"lazy\" decoding=\"async\" class=\"alignnone wp-image-1618 size-full\" src=\"http:\/\/www.desireewickler.net\/wp-content\/uploads\/2018\/03\/expo-esch-le-fil-rouge-2018-web.jpg\" alt=\"\" width=\"1181\" height=\"632\" srcset=\"https:\/\/www.desireewickler.net\/wp-content\/uploads\/2018\/03\/expo-esch-le-fil-rouge-2018-web.jpg 1181w, https:\/\/www.desireewickler.net\/wp-content\/uploads\/2018\/03\/expo-esch-le-fil-rouge-2018-web-300x161.jpg 300w, https:\/\/www.desireewickler.net\/wp-content\/uploads\/2018\/03\/expo-esch-le-fil-rouge-2018-web-768x411.jpg 768w, https:\/\/www.desireewickler.net\/wp-content\/uploads\/2018\/03\/expo-esch-le-fil-rouge-2018-web-1024x548.jpg 1024w, https:\/\/www.desireewickler.net\/wp-content\/uploads\/2018\/03\/expo-esch-le-fil-rouge-2018-web-600x321.jpg 600w, https:\/\/www.desireewickler.net\/wp-content\/uploads\/2018\/03\/expo-esch-le-fil-rouge-2018-web-700x375.jpg 700w, https:\/\/www.desireewickler.net\/wp-content\/uploads\/2018\/03\/expo-esch-le-fil-rouge-2018-web-747x400.jpg 747w\" sizes=\"auto, (max-width: 1181px) 100vw, 1181px\" \/><strong>New Humans<\/strong><br \/>\nPavillon du Centenaire,\u00a0Esch\/ Alzette (LU), croix d&rsquo;Eleonora Pasti | 2018<\/p>\n<hr \/>\n<p><strong><img loading=\"lazy\" decoding=\"async\" class=\"alignnone size-full wp-image-753\" src=\"http:\/\/wordpress.desireewickler.net\/wp-content\/uploads\/2017\/05\/krc3b6tenwanderungweb.jpg\" alt=\"Kr\u00f6tenwanderung\" width=\"640\" height=\"755\" srcset=\"https:\/\/www.desireewickler.net\/wp-content\/uploads\/2017\/05\/krc3b6tenwanderungweb.jpg 640w, https:\/\/www.desireewickler.net\/wp-content\/uploads\/2017\/05\/krc3b6tenwanderungweb-254x300.jpg 254w\" sizes=\"auto, (max-width: 640px) 100vw, 640px\" \/>Kr\u00f6tenwanderung<\/strong><br \/>\nTechnique mixte sur papier, pneu couvr\u00e9 d&rsquo;or faux, \u00e9dition \u00ab\u00a0Frosch in the box\u00a0\u00bb<br \/>\n650 x 150 cm | 2017<br \/>\nInstallation \u00e0 Uecht, Esch\/ Alzette (LU)<\/p>\n<hr \/>\n<p><img loading=\"lazy\" decoding=\"async\" class=\"alignnone size-full wp-image-613\" src=\"http:\/\/wordpress.desireewickler.net\/wp-content\/uploads\/2017\/05\/dsc01250.jpg\" alt=\"DSC01250\" width=\"5184\" height=\"3888\" srcset=\"https:\/\/www.desireewickler.net\/wp-content\/uploads\/2017\/05\/dsc01250.jpg 5184w, https:\/\/www.desireewickler.net\/wp-content\/uploads\/2017\/05\/dsc01250-300x225.jpg 300w, https:\/\/www.desireewickler.net\/wp-content\/uploads\/2017\/05\/dsc01250-768x576.jpg 768w, https:\/\/www.desireewickler.net\/wp-content\/uploads\/2017\/05\/dsc01250-1024x768.jpg 1024w\" sizes=\"auto, (max-width: 5184px) 100vw, 5184px\" \/><br \/>\n<strong>Sweet Dreams?<\/strong><br \/>\nAbbaye de ne\u00efmenster, Luxembourg | 2017<\/p>\n<hr \/>\n<p><img loading=\"lazy\" decoding=\"async\" class=\"alignnone size-full wp-image-553\" src=\"http:\/\/wordpress.desireewickler.net\/wp-content\/uploads\/2017\/05\/mg_0918.jpg\" alt=\"_MG_0918.jpg\" width=\"5616\" height=\"3744\" srcset=\"https:\/\/www.desireewickler.net\/wp-content\/uploads\/2017\/05\/mg_0918.jpg 5616w, https:\/\/www.desireewickler.net\/wp-content\/uploads\/2017\/05\/mg_0918-300x200.jpg 300w, https:\/\/www.desireewickler.net\/wp-content\/uploads\/2017\/05\/mg_0918-768x512.jpg 768w, https:\/\/www.desireewickler.net\/wp-content\/uploads\/2017\/05\/mg_0918-1024x683.jpg 1024w\" sizes=\"auto, (max-width: 5616px) 100vw, 5616px\" \/><br \/>\n<strong>Entre chien et loup<\/strong><br \/>\nAbbaye de ne\u00efmenster, Luxembourg | 2016\/ 2017<br \/>\nPhoto: Miikka Heinonen<\/p>\n<hr \/>\n<p><img loading=\"lazy\" decoding=\"async\" class=\"alignnone size-full wp-image-566\" src=\"http:\/\/wordpress.desireewickler.net\/wp-content\/uploads\/2017\/05\/13100749_1068196639917690_3355155045193298341_n-1.jpg\" alt=\"13100749_1068196639917690_3355155045193298341_n (1).jpg\" width=\"960\" height=\"640\" srcset=\"https:\/\/www.desireewickler.net\/wp-content\/uploads\/2017\/05\/13100749_1068196639917690_3355155045193298341_n-1.jpg 960w, https:\/\/www.desireewickler.net\/wp-content\/uploads\/2017\/05\/13100749_1068196639917690_3355155045193298341_n-1-300x200.jpg 300w, https:\/\/www.desireewickler.net\/wp-content\/uploads\/2017\/05\/13100749_1068196639917690_3355155045193298341_n-1-768x512.jpg 768w\" sizes=\"auto, (max-width: 960px) 100vw, 960px\" \/><br \/>\n<strong>Dead End Stories<\/strong><br \/>\nKonschthaus Beim Engel, Luxembourg |2015<br \/>\nPhoto: Paul Theissen<\/p>\n<hr \/>\n<p><img loading=\"lazy\" decoding=\"async\" class=\"alignnone size-full wp-image-808\" src=\"http:\/\/wordpress.desireewickler.net\/wp-content\/uploads\/2017\/05\/damokles04web.jpg\" alt=\"damokles04web\" width=\"886\" height=\"664\" srcset=\"https:\/\/www.desireewickler.net\/wp-content\/uploads\/2017\/05\/damokles04web.jpg 886w, https:\/\/www.desireewickler.net\/wp-content\/uploads\/2017\/05\/damokles04web-300x225.jpg 300w, https:\/\/www.desireewickler.net\/wp-content\/uploads\/2017\/05\/damokles04web-768x576.jpg 768w\" sizes=\"auto, (max-width: 886px) 100vw, 886px\" \/><strong>Damokles <\/strong><br \/>\nInstallation \u00e0 \u00ab\u00a0Quartier 3\u00a0\u00bb Esch\/ Alzette (LU), \u00e9p\u00e9e rotante de Justyna Koeke | 2015<\/p>\n<hr \/>\n<p><img loading=\"lazy\" decoding=\"async\" class=\"alignnone size-large wp-image-575\" src=\"http:\/\/wordpress.desireewickler.net\/wp-content\/uploads\/2017\/05\/generationenvertragnachthp.jpg?w=1024\" alt=\"generationenvertragnachthp\" width=\"1024\" height=\"685\" srcset=\"https:\/\/www.desireewickler.net\/wp-content\/uploads\/2017\/05\/generationenvertragnachthp.jpg 2893w, https:\/\/www.desireewickler.net\/wp-content\/uploads\/2017\/05\/generationenvertragnachthp-300x201.jpg 300w, https:\/\/www.desireewickler.net\/wp-content\/uploads\/2017\/05\/generationenvertragnachthp-768x514.jpg 768w, https:\/\/www.desireewickler.net\/wp-content\/uploads\/2017\/05\/generationenvertragnachthp-1024x685.jpg 1024w\" sizes=\"auto, (max-width: 1024px) 100vw, 1024px\" \/><strong>Generationenvertrag<\/strong><br \/>\nHaus an der Redoute, Bonn | 2013<\/p>\n<hr \/>\n<p><img loading=\"lazy\" decoding=\"async\" class=\"alignnone wp-image-1884 size-full\" src=\"https:\/\/www.desireewickler.net\/wp-content\/uploads\/2018\/12\/Laber-Palaver-Rhabarber-01-web-e1543934186603.jpg\" alt=\"\" width=\"669\" height=\"448\" srcset=\"https:\/\/www.desireewickler.net\/wp-content\/uploads\/2018\/12\/Laber-Palaver-Rhabarber-01-web-e1543934186603.jpg 669w, https:\/\/www.desireewickler.net\/wp-content\/uploads\/2018\/12\/Laber-Palaver-Rhabarber-01-web-e1543934186603-300x201.jpg 300w, https:\/\/www.desireewickler.net\/wp-content\/uploads\/2018\/12\/Laber-Palaver-Rhabarber-01-web-e1543934186603-600x402.jpg 600w, https:\/\/www.desireewickler.net\/wp-content\/uploads\/2018\/12\/Laber-Palaver-Rhabarber-01-web-e1543934186603-597x400.jpg 597w\" sizes=\"auto, (max-width: 669px) 100vw, 669px\" \/><\/p>\n<p><b>Palaver<br \/>\n<\/b>Pallcenter, Oberpallen (LU)\u00a0| 2012<\/p>\n<hr \/>\n<p><strong><img loading=\"lazy\" decoding=\"async\" class=\"alignnone wp-image-620\" src=\"http:\/\/wordpress.desireewickler.net\/wp-content\/uploads\/2017\/05\/cimg1555.jpg\" alt=\"CIMG1555\" width=\"3264\" height=\"2448\" srcset=\"https:\/\/www.desireewickler.net\/wp-content\/uploads\/2017\/05\/cimg1555.jpg 3264w, https:\/\/www.desireewickler.net\/wp-content\/uploads\/2017\/05\/cimg1555-300x225.jpg 300w, https:\/\/www.desireewickler.net\/wp-content\/uploads\/2017\/05\/cimg1555-768x576.jpg 768w, https:\/\/www.desireewickler.net\/wp-content\/uploads\/2017\/05\/cimg1555-1024x768.jpg 1024w\" sizes=\"auto, (max-width: 3264px) 100vw, 3264px\" \/>Badezimmergefl\u00fcster<\/strong><br \/>\nGalerie Terres rouges, Esch\/Alzette (LU)\u00a0| 2011<\/p>\n<hr \/>\n<p><img loading=\"lazy\" decoding=\"async\" class=\"alignnone size-full wp-image-585\" src=\"http:\/\/wordpress.desireewickler.net\/wp-content\/uploads\/2017\/05\/todgeweihte003.jpg\" alt=\"todgeweihte003.JPG\" width=\"3542\" height=\"2592\" srcset=\"https:\/\/www.desireewickler.net\/wp-content\/uploads\/2017\/05\/todgeweihte003.jpg 3542w, https:\/\/www.desireewickler.net\/wp-content\/uploads\/2017\/05\/todgeweihte003-300x220.jpg 300w, https:\/\/www.desireewickler.net\/wp-content\/uploads\/2017\/05\/todgeweihte003-768x562.jpg 768w, https:\/\/www.desireewickler.net\/wp-content\/uploads\/2017\/05\/todgeweihte003-1024x749.jpg 1024w\" sizes=\"auto, (max-width: 3542px) 100vw, 3542px\" \/><br \/>\n<strong>Todgeweihte<\/strong><br \/>\nResearch Center caesar, Bonn | 2011<\/p>\n<hr \/>\n<p><img loading=\"lazy\" decoding=\"async\" class=\"alignnone size-full wp-image-590\" src=\"http:\/\/wordpress.desireewickler.net\/wp-content\/uploads\/2017\/05\/gesamtansicht-artmix410.jpg\" alt=\"gesamtansicht artmix410.jpg\" width=\"2816\" height=\"2112\" srcset=\"https:\/\/www.desireewickler.net\/wp-content\/uploads\/2017\/05\/gesamtansicht-artmix410.jpg 2816w, https:\/\/www.desireewickler.net\/wp-content\/uploads\/2017\/05\/gesamtansicht-artmix410-300x225.jpg 300w, https:\/\/www.desireewickler.net\/wp-content\/uploads\/2017\/05\/gesamtansicht-artmix410-768x576.jpg 768w, https:\/\/www.desireewickler.net\/wp-content\/uploads\/2017\/05\/gesamtansicht-artmix410-1024x768.jpg 1024w\" sizes=\"auto, (max-width: 2816px) 100vw, 2816px\" \/><strong>Die Vollkornverweigerer<\/strong><br \/>\nKonschthaus \u00ab\u00a0Beim Engel\u00a0\u00bb, Luxembourg | 2009<\/p>\n<hr \/>\n<p><img loading=\"lazy\" decoding=\"async\" class=\"alignnone size-full wp-image-934\" src=\"http:\/\/wordpress.desireewickler.net\/wp-content\/uploads\/2017\/05\/gefallen-alles-kopie.jpg\" alt=\"gefallen alles Kopie.jpg\" width=\"3555\" height=\"2477\" srcset=\"https:\/\/www.desireewickler.net\/wp-content\/uploads\/2017\/05\/gefallen-alles-kopie.jpg 3555w, https:\/\/www.desireewickler.net\/wp-content\/uploads\/2017\/05\/gefallen-alles-kopie-300x209.jpg 300w, https:\/\/www.desireewickler.net\/wp-content\/uploads\/2017\/05\/gefallen-alles-kopie-768x535.jpg 768w, https:\/\/www.desireewickler.net\/wp-content\/uploads\/2017\/05\/gefallen-alles-kopie-1024x713.jpg 1024w\" sizes=\"auto, (max-width: 3555px) 100vw, 3555px\" \/><\/p>\n<p><strong>Gefallen<\/strong><br \/>\nCid femmes, Luxembourg | 2008<\/p>\n<hr \/>\n<p><img loading=\"lazy\" decoding=\"async\" class=\"alignnone size-full wp-image-588\" src=\"http:\/\/wordpress.desireewickler.net\/wp-content\/uploads\/2017\/05\/lockangebot122.jpg\" alt=\"lockangebot122.jpg\" width=\"3805\" height=\"2581\" srcset=\"https:\/\/www.desireewickler.net\/wp-content\/uploads\/2017\/05\/lockangebot122.jpg 3805w, https:\/\/www.desireewickler.net\/wp-content\/uploads\/2017\/05\/lockangebot122-300x203.jpg 300w, https:\/\/www.desireewickler.net\/wp-content\/uploads\/2017\/05\/lockangebot122-768x521.jpg 768w, https:\/\/www.desireewickler.net\/wp-content\/uploads\/2017\/05\/lockangebot122-1024x695.jpg 1024w\" sizes=\"auto, (max-width: 3805px) 100vw, 3805px\" \/><br \/>\n<strong>Das Lockangebot<\/strong><br \/>\nGalerie Kult 41, Bonn | 2008<\/p>\n<hr \/>\n<p><strong><img loading=\"lazy\" decoding=\"async\" class=\"alignnone size-full wp-image-611\" src=\"http:\/\/wordpress.desireewickler.net\/wp-content\/uploads\/2017\/05\/da-kunsthaus-098.jpg\" alt=\"da kunsthaus 098.jpg\" width=\"3456\" height=\"2304\" srcset=\"https:\/\/www.desireewickler.net\/wp-content\/uploads\/2017\/05\/da-kunsthaus-098.jpg 3456w, https:\/\/www.desireewickler.net\/wp-content\/uploads\/2017\/05\/da-kunsthaus-098-300x200.jpg 300w, https:\/\/www.desireewickler.net\/wp-content\/uploads\/2017\/05\/da-kunsthaus-098-768x512.jpg 768w, https:\/\/www.desireewickler.net\/wp-content\/uploads\/2017\/05\/da-kunsthaus-098-1024x683.jpg 1024w\" sizes=\"auto, (max-width: 3456px) 100vw, 3456px\" \/>Imago<\/strong><br \/>\nDA, Kunsthaus Kloster Gravenhorst, H\u00f6rstel | 2007<\/p>\n<hr \/>\n<p>&nbsp;<\/p>","protected":false},"excerpt":{"rendered":"<p>Eldorado Abbaye de ne\u00efmenster, Luxembourg |\u00a02019 Photo: Emile Hengen The The Iron Maiden Of Tuam + Mother Tuam K\u00fcnstlerforum Bonn | 2018 Photo: Eva Ademi New Humans Pavillon du Centenaire,\u00a0Esch\/ Alzette (LU), croix d&rsquo;Eleonora Pasti | 2018 Kr\u00f6tenwanderung Technique mixte sur papier, pneu couvr\u00e9 d&rsquo;or faux, \u00e9dition \u00ab\u00a0Frosch in the box\u00a0\u00bb 650 x 150 cm [&hellip;]<\/p>\n","protected":false},"author":2,"featured_media":618,"parent":9,"menu_order":0,"comment_status":"closed","ping_status":"closed","template":"","meta":{"om_disable_all_campaigns":false,"_exactmetrics_skip_tracking":false,"_exactmetrics_sitenote_active":false,"_exactmetrics_sitenote_note":"","_exactmetrics_sitenote_category":0,"_monsterinsights_skip_tracking":false,"_monsterinsights_sitenote_active":false,"_monsterinsights_sitenote_note":"","_monsterinsights_sitenote_category":0,"footnotes":""},"class_list":["post-400","page","type-page","status-publish","has-post-thumbnail","hentry"],"aioseo_notices":[],"_links":{"self":[{"href":"https:\/\/www.desireewickler.net\/fr\/wp-json\/wp\/v2\/pages\/400","targetHints":{"allow":["GET"]}}],"collection":[{"href":"https:\/\/www.desireewickler.net\/fr\/wp-json\/wp\/v2\/pages"}],"about":[{"href":"https:\/\/www.desireewickler.net\/fr\/wp-json\/wp\/v2\/types\/page"}],"author":[{"embeddable":true,"href":"https:\/\/www.desireewickler.net\/fr\/wp-json\/wp\/v2\/users\/2"}],"replies":[{"embeddable":true,"href":"https:\/\/www.desireewickler.net\/fr\/wp-json\/wp\/v2\/comments?post=400"}],"version-history":[{"count":26,"href":"https:\/\/www.desireewickler.net\/fr\/wp-json\/wp\/v2\/pages\/400\/revisions"}],"predecessor-version":[{"id":2340,"href":"https:\/\/www.desireewickler.net\/fr\/wp-json\/wp\/v2\/pages\/400\/revisions\/2340"}],"up":[{"embeddable":true,"href":"https:\/\/www.desireewickler.net\/fr\/wp-json\/wp\/v2\/pages\/9"}],"wp:featuredmedia":[{"embeddable":true,"href":"https:\/\/www.desireewickler.net\/fr\/wp-json\/wp\/v2\/media\/618"}],"wp:attachment":[{"href":"https:\/\/www.desireewickler.net\/fr\/wp-json\/wp\/v2\/media?parent=400"}],"curies":[{"name":"wp","href":"https:\/\/api.w.org\/{rel}","templated":true}]}}