{"id":366,"date":"2017-05-16T12:48:25","date_gmt":"2017-05-16T10:48:25","guid":{"rendered":"https:\/\/desireewicklerblog.wordpress.com\/?page_id=366"},"modified":"2018-01-11T17:36:32","modified_gmt":"2018-01-11T16:36:32","slug":"des-histoires-sans-fin","status":"publish","type":"page","link":"https:\/\/www.desireewickler.net\/fr\/home\/des-histoires-sans-fin\/","title":{"rendered":"D\u00e9mons artistiques"},"content":{"rendered":"<h6>28.04.2017, Le Quotidien<\/h6>\n<h4>Des histoires sans fin<\/h4>\n<p>(&#8230;) D\u00e9sir\u00e9e Wickler a un travail plus frontal, figuratif, presque na\u00eff. Dans ses larges dessins, elle cr\u00e9e un monde dans lequel se c\u00f4toient la r\u00e9alit\u00e9 de l&rsquo;humain et ses pires angoisses, juxtaposant les diff\u00e9rents \u00e9l\u00e9ments conscients ou inconscients qui constituent un \u00eatre. (&#8230;)<\/p>\n<p><code>Von Myl\u00e8ne Carri\u00e8re<\/code><\/p>\n","protected":false},"excerpt":{"rendered":"<p>28.04.2017, Le Quotidien Des histoires sans fin (&#8230;) D\u00e9sir\u00e9e Wickler a un travail plus frontal, figuratif, presque na\u00eff. Dans ses larges dessins, elle cr\u00e9e un monde dans lequel se c\u00f4toient la r\u00e9alit\u00e9 de l&rsquo;humain et ses pires angoisses, juxtaposant les diff\u00e9rents \u00e9l\u00e9ments conscients ou inconscients qui constituent un \u00eatre. (&#8230;) Von Myl\u00e8ne Carri\u00e8re<\/p>\n","protected":false},"author":2,"featured_media":367,"parent":6,"menu_order":0,"comment_status":"closed","ping_status":"closed","template":"","meta":{"om_disable_all_campaigns":false,"_exactmetrics_skip_tracking":false,"_exactmetrics_sitenote_active":false,"_exactmetrics_sitenote_note":"","_exactmetrics_sitenote_category":0,"_monsterinsights_skip_tracking":false,"_monsterinsights_sitenote_active":false,"_monsterinsights_sitenote_note":"","_monsterinsights_sitenote_category":0,"footnotes":""},"class_list":["post-366","page","type-page","status-publish","has-post-thumbnail","hentry"],"aioseo_notices":[],"_links":{"self":[{"href":"https:\/\/www.desireewickler.net\/fr\/wp-json\/wp\/v2\/pages\/366","targetHints":{"allow":["GET"]}}],"collection":[{"href":"https:\/\/www.desireewickler.net\/fr\/wp-json\/wp\/v2\/pages"}],"about":[{"href":"https:\/\/www.desireewickler.net\/fr\/wp-json\/wp\/v2\/types\/page"}],"author":[{"embeddable":true,"href":"https:\/\/www.desireewickler.net\/fr\/wp-json\/wp\/v2\/users\/2"}],"replies":[{"embeddable":true,"href":"https:\/\/www.desireewickler.net\/fr\/wp-json\/wp\/v2\/comments?post=366"}],"version-history":[{"count":2,"href":"https:\/\/www.desireewickler.net\/fr\/wp-json\/wp\/v2\/pages\/366\/revisions"}],"predecessor-version":[{"id":1419,"href":"https:\/\/www.desireewickler.net\/fr\/wp-json\/wp\/v2\/pages\/366\/revisions\/1419"}],"up":[{"embeddable":true,"href":"https:\/\/www.desireewickler.net\/fr\/wp-json\/wp\/v2\/pages\/6"}],"wp:featuredmedia":[{"embeddable":true,"href":"https:\/\/www.desireewickler.net\/fr\/wp-json\/wp\/v2\/media\/367"}],"wp:attachment":[{"href":"https:\/\/www.desireewickler.net\/fr\/wp-json\/wp\/v2\/media?parent=366"}],"curies":[{"name":"wp","href":"https:\/\/api.w.org\/{rel}","templated":true}]}}