{"id":341,"date":"2017-05-16T11:31:20","date_gmt":"2017-05-16T09:31:20","guid":{"rendered":"https:\/\/desireewicklerblog.wordpress.com\/?page_id=341"},"modified":"2020-08-29T14:22:06","modified_gmt":"2020-08-29T12:22:06","slug":"curatorial-text","status":"publish","type":"page","link":"https:\/\/www.desireewickler.net\/fr\/home\/curatorial-text\/","title":{"rendered":"Dessins et impressions graphiques par D\u00e9sir\u00e9e Wickler"},"content":{"rendered":"<p>Au cours des derni\u00e8res ann\u00e9es, D\u00e9sir\u00e9e Wickler s\u2019est forg\u00e9e une forte r\u00e9putation au niveau national et international dans les domaines du dessin, de l&#8217;empreinte graphique et du livre d&rsquo;artiste lors de son intense activit\u00e9 d&rsquo;expositions.<\/p>\n<p>Le th\u00e8me principal de son \u0153uvre artistique se porte sur l&rsquo;identit\u00e9 humaine dont elle utilise en premier lieu la repr\u00e9sentation du corps f\u00e9minin. Avec beaucoup d&#8217;empathie et de pers\u00e9v\u00e9rance, elle traite des questions sur la relation du propre corps et son effet ext\u00e9rieur de m\u00eame que sur la perception de la beaut\u00e9 individuelle. L\u2019analyse des exigences provenant de la soci\u00e9t\u00e9 et de soi-m\u00eame constitue le fil rouge de son oeuvre. La nudit\u00e9 ostensible des corps devient une m\u00e9taphore pour l&rsquo;investigation de l&rsquo;identit\u00e9 authentique qui oscille toujours entre l&rsquo;introspection et l&rsquo;apparence ext\u00e9rieure.<\/p>\n<p>Par cette recherche, D\u00e9sir\u00e9e Wickler d\u00e9voile la contradiction aussi fascinante que surprenante de l&rsquo;Homme. Dans une approche plus g\u00e9n\u00e9rale, elle \u00e9claire sur ce fond les interactions des personnes individuelles avec la soci\u00e9t\u00e9.<\/p>\n<p>Ses dessins et \u0153uvres graphiques semblent souvent rudes et brusques \u00e0 premi\u00e8re vue. Ainsi elle r\u00e9ussit \u00e0 \u00e9tablir une alternance entre l&rsquo;expression formelle et l\u2019intention voulue. Malgr\u00e9 l\u2019 impression brutale de certaines de ses oeuvres, on retrouve des moments tr\u00e8s tendres o\u00f9 les personnages et les objets ont un air touchant et doux. De mani\u00e8re sensible, D\u00e9sir\u00e9e Wickler met en images des zones de tension du moi interne fragile.<\/p>\n<p>Ce qui surprend dans ses dessins ainsi que dans son oeuvre graphique, c\u2019est la richesse captivante des mat\u00e9riaux et techniques utilis\u00e9s. Avec facilit\u00e9, D\u00e9sir\u00e9e Wickler ne cesse de transf\u00e8rer cette vari\u00e9t\u00e9 dans son \u00e9criture artistique unique.<\/p>\n<p>Elle d\u00e9veloppe ses travaux souvent par couches, le r\u00e9sultat en est une alternance complexe entre densit\u00e9 et l\u00e9g\u00e8ret\u00e9. Les dessins en tirent une dimension vivide telle que l&rsquo;\u0153il du spectateur palpe inlassablement ces surfaces vibrantes et cherche en permanence des relations significatives entre les \u00e9l\u00e9ments distincts de l\u2019image. Par cette expression artistique, D\u00e9sir\u00e9e Wickler obtient une acceptation du spectateur beaucoup plus imm\u00e9diate.<\/p>\n<p><span lang=\"fr-FR\">Surtout ses livres d&rsquo;artistes montrent sur combien de niveaux la perception de son travail artistique devient possible. <\/span>Il r\u00e9sulte de cette occupation avec ces tr\u00e9sors bibliophile une rencontre tr\u00e8s personnelle, presque intime.<\/p>\n<p>D\u00e9sir\u00e9e Wickler r\u00e9ussit une interaction extraordinaire de ses dessins avec l&rsquo;espace environnant quand ses travaux sont r\u00e9alis\u00e9s pour un lieu pr\u00e9cis. Elle con\u00e7oit son travail \u00e9troitement \u00e0 la situation donn\u00e9e, de telle fa\u00e7on qu&rsquo;il entre en dialogue avec les alentours. Ici la lumi\u00e8re joue un r\u00f4le central; elle influence l&rsquo;effet visuel selon l&rsquo;heure du jour. La lumi\u00e8re devient un facteur d\u00e9cisif quant \u00e0 l&rsquo;esth\u00e9tique et la force d&rsquo;expression du contenu des dessins.<\/p>\n<p>L&rsquo;oeuvre singuli\u00e8re de D\u00e9sir\u00e9e Wickler s\u00e9duit par la r\u00e9flexion intensive des sujets ainsi que par la recherche constante de l&rsquo;expression esth\u00e9tique optimale. Avec un int\u00e9r\u00eat emphatique \u00e9pic\u00e9 d\u2019un soup\u00e7on d&rsquo;humour, elle d\u00e9fend un point de vue artistique authentique, dont la complexit\u00e9 de la contradiction immanente de la nature de l&rsquo;Homme est r\u00e9flect\u00e9e. Des \u0153uvres artistiques naissent qui nous \u00e9meuvent profond\u00e9ment et ne nous permettent de trouver facilement un calme reposant.<\/p>\n<p>Texte: Steffen Neuburger | Historien de l&rsquo;Art<\/p>\n<p>Traduction par: D.T &amp; A.W<\/p>","protected":false},"excerpt":{"rendered":"<p>Au cours des derni\u00e8res ann\u00e9es, D\u00e9sir\u00e9e Wickler s\u2019est forg\u00e9e une forte r\u00e9putation au niveau national et international dans les domaines du dessin, de l&#8217;empreinte graphique et du livre d&rsquo;artiste lors de son intense activit\u00e9 d&rsquo;expositions. Le th\u00e8me principal de son \u0153uvre artistique se porte sur l&rsquo;identit\u00e9 humaine dont elle utilise en premier lieu la repr\u00e9sentation [&hellip;]<\/p>\n","protected":false},"author":2,"featured_media":0,"parent":6,"menu_order":0,"comment_status":"closed","ping_status":"closed","template":"","meta":{"om_disable_all_campaigns":false,"_exactmetrics_skip_tracking":false,"_exactmetrics_sitenote_active":false,"_exactmetrics_sitenote_note":"","_exactmetrics_sitenote_category":0,"_monsterinsights_skip_tracking":false,"_monsterinsights_sitenote_active":false,"_monsterinsights_sitenote_note":"","_monsterinsights_sitenote_category":0,"footnotes":""},"class_list":["post-341","page","type-page","status-publish","hentry"],"aioseo_notices":[],"_links":{"self":[{"href":"https:\/\/www.desireewickler.net\/fr\/wp-json\/wp\/v2\/pages\/341","targetHints":{"allow":["GET"]}}],"collection":[{"href":"https:\/\/www.desireewickler.net\/fr\/wp-json\/wp\/v2\/pages"}],"about":[{"href":"https:\/\/www.desireewickler.net\/fr\/wp-json\/wp\/v2\/types\/page"}],"author":[{"embeddable":true,"href":"https:\/\/www.desireewickler.net\/fr\/wp-json\/wp\/v2\/users\/2"}],"replies":[{"embeddable":true,"href":"https:\/\/www.desireewickler.net\/fr\/wp-json\/wp\/v2\/comments?post=341"}],"version-history":[{"count":2,"href":"https:\/\/www.desireewickler.net\/fr\/wp-json\/wp\/v2\/pages\/341\/revisions"}],"predecessor-version":[{"id":2630,"href":"https:\/\/www.desireewickler.net\/fr\/wp-json\/wp\/v2\/pages\/341\/revisions\/2630"}],"up":[{"embeddable":true,"href":"https:\/\/www.desireewickler.net\/fr\/wp-json\/wp\/v2\/pages\/6"}],"wp:attachment":[{"href":"https:\/\/www.desireewickler.net\/fr\/wp-json\/wp\/v2\/media?parent=341"}],"curies":[{"name":"wp","href":"https:\/\/api.w.org\/{rel}","templated":true}]}}