{"id":2258,"date":"2020-05-20T09:42:26","date_gmt":"2020-05-20T07:42:26","guid":{"rendered":"https:\/\/www.desireewickler.net\/?page_id=2258"},"modified":"2020-05-20T09:42:26","modified_gmt":"2020-05-20T07:42:26","slug":"francais-danse-avec-les-morts-nus","status":"publish","type":"page","link":"https:\/\/www.desireewickler.net\/fr\/home\/francais-danse-avec-les-morts-nus\/","title":{"rendered":"Danse avec les morts nus"},"content":{"rendered":"<p><span style=\"font-size: 10pt;\">Luxemburger Wort<\/span><br \/>\n<span style=\"font-size: 10pt;\">Ver\u00f6ffentlicht am Sonntag, der 20. Oktober 2019<\/span><\/p>\n<h3>\nDanse avec les morts nus<\/h3>\n<h5>\nL\u2019exposition \u201eEldorado\u201c de D\u00e9sir\u00e9e Wickler au centre Neum\u00fcnster interpelle le visiteur<\/h5>\n<p>par Thierry Hick<\/p>\n<p>(\u2026) L\u2019artiste engag\u00e9e et motiv\u00e9e ne fait pas dans la demi-mesure. Cette outrance affich\u00e9e au grand jour et sans ombrages n\u2019a rien de gratuit, D\u00e9sir\u00e9e Wickler, intransigeante mais avec une dose d\u2019humeur \u00e0 peine voil\u00e9, assume et revendique ses choix, ses id\u00e9es, ses messages \u00e0 faire passer.<\/p>\n<p>Deux fils rouges traversent l\u2019exposition: la nudit\u00e9 et la mort. \u201eLes deux th\u00e8mes sont \u00e9troitement li\u00e9s\u201c, explique D\u00e9sir\u00e9e Wickler, \u201eface \u00e0 la mort, tous les \u00eatres sont nus\u201c (\u2026)<\/p>\n<p>En jouant d\u00e9librement la carte de la provocation? \u201eUn nu n\u2019est en rien provocant. La sexualit\u00e9 et une certaine forme de brutalit\u00e9 non plus. Lorsque j\u2019\u00e9voque par exemple la guerre, mon message ne peut \u00eatre beau ou positif. Il doit \u00eatre laid, brut et brutal.\u201c (\u2026)<br \/>\nUn jugement s\u00e9v\u00e8re et sinc\u00e8re<\/p>\n<p>(\u2026) Tout en utilisant des d\u00e9tails de la vie du quotidien, des r\u00e9minescences de danses macabres ou d\u2019ic\u00f4nes de la musique pop ou des r\u00e9seaux sociaux, l\u2019artiste pr\u00e9f\u00e8re questionner le monde en l\u2019\u00e9clairant de diff\u00e9rentes perspectives. \u201eIl est in\u00e9vitable pour moi de parler de ces choses-l\u00e0 L\u2019art doit pouvoir aborder ces questions ambivalentes. (\u2026)\u201c<\/p>","protected":false},"excerpt":{"rendered":"<p>Luxemburger Wort Ver\u00f6ffentlicht am Sonntag, der 20. Oktober 2019 Danse avec les morts nus L\u2019exposition \u201eEldorado\u201c de D\u00e9sir\u00e9e Wickler au centre Neum\u00fcnster interpelle le visiteur par Thierry Hick (\u2026) L\u2019artiste engag\u00e9e et motiv\u00e9e ne fait pas dans la demi-mesure. Cette outrance affich\u00e9e au grand jour et sans ombrages n\u2019a rien de gratuit, D\u00e9sir\u00e9e Wickler, intransigeante [&hellip;]<\/p>\n","protected":false},"author":2,"featured_media":2261,"parent":6,"menu_order":0,"comment_status":"closed","ping_status":"closed","template":"","meta":{"om_disable_all_campaigns":false,"_exactmetrics_skip_tracking":false,"_exactmetrics_sitenote_active":false,"_exactmetrics_sitenote_note":"","_exactmetrics_sitenote_category":0,"_monsterinsights_skip_tracking":false,"_monsterinsights_sitenote_active":false,"_monsterinsights_sitenote_note":"","_monsterinsights_sitenote_category":0,"footnotes":""},"class_list":["post-2258","page","type-page","status-publish","has-post-thumbnail","hentry"],"aioseo_notices":[],"_links":{"self":[{"href":"https:\/\/www.desireewickler.net\/fr\/wp-json\/wp\/v2\/pages\/2258","targetHints":{"allow":["GET"]}}],"collection":[{"href":"https:\/\/www.desireewickler.net\/fr\/wp-json\/wp\/v2\/pages"}],"about":[{"href":"https:\/\/www.desireewickler.net\/fr\/wp-json\/wp\/v2\/types\/page"}],"author":[{"embeddable":true,"href":"https:\/\/www.desireewickler.net\/fr\/wp-json\/wp\/v2\/users\/2"}],"replies":[{"embeddable":true,"href":"https:\/\/www.desireewickler.net\/fr\/wp-json\/wp\/v2\/comments?post=2258"}],"version-history":[{"count":1,"href":"https:\/\/www.desireewickler.net\/fr\/wp-json\/wp\/v2\/pages\/2258\/revisions"}],"predecessor-version":[{"id":2260,"href":"https:\/\/www.desireewickler.net\/fr\/wp-json\/wp\/v2\/pages\/2258\/revisions\/2260"}],"up":[{"embeddable":true,"href":"https:\/\/www.desireewickler.net\/fr\/wp-json\/wp\/v2\/pages\/6"}],"wp:featuredmedia":[{"embeddable":true,"href":"https:\/\/www.desireewickler.net\/fr\/wp-json\/wp\/v2\/media\/2261"}],"wp:attachment":[{"href":"https:\/\/www.desireewickler.net\/fr\/wp-json\/wp\/v2\/media?parent=2258"}],"curies":[{"name":"wp","href":"https:\/\/api.w.org\/{rel}","templated":true}]}}