{"id":184,"date":"2017-05-15T10:01:03","date_gmt":"2017-05-15T08:01:03","guid":{"rendered":"https:\/\/desireewicklerblog.wordpress.com\/?page_id=184"},"modified":"2023-05-12T18:09:57","modified_gmt":"2023-05-12T16:09:57","slug":"impressum","status":"publish","type":"page","link":"https:\/\/www.desireewickler.net\/fr\/kontakt\/impressum\/","title":{"rendered":"Mentions l\u00e9gales"},"content":{"rendered":"<p>D\u00e9sir\u00e9e Wickler<br \/>\nAtelier f\u00fcr Handdruck<br \/>\nAm S\u00e4ndchen 8<br \/>\n53545 Linz Rh., Germany<\/p>\n<p>+49(0)2644-8085846<br \/>\nwww.desireewickler.net<br \/>\nkontakt(at)desireewickler.net<\/p>\n<p>Theme by\u00a0<a href=\"https:\/\/andersnoren.se\/\">Anders Nor\u00e9n<\/a><\/p>\n<p><strong>Non-responsabilit\u00e9<\/strong><br \/>\nLes auteurs organisent ces pages avec le plus grand soin et sont soucieux de pr\u00e9senter les informations actuellement,\u00a0compl\u00e8tement,\u00a0correctement et dans la meilleure qualit\u00e9.<br \/>\nCependant toutes les indications sont fournies sans garantie.<br \/>\nLes utilisateurs ne peuvent pas nous responsabiliser pour des dommages de tout type, id\u00e9el ou mat\u00e9riel.<br \/>\nNous nous permetons sans annonce pr\u00e9alable: de r\u00e9toucher en total ou en partie des pages diff\u00e9rentes ou tous, les compl\u00e9ter ou tout \u00e0 fait \u00e9liminer.<br \/>\nAussi des offres pr\u00e9sent\u00e9es par erreur ou fautives restent libres\u00a0et sans engagement\u00a0comme tous les autres offres.<br \/>\nNous ne portons pas de responsabilit\u00e9 pour des dommages provoqu\u00e9s dans le cas d&rsquo;intrusion criminelle ou pour des virus ou autres contenus apport\u00e9s ill\u00e9galement d&rsquo;un troisi\u00e8me cot\u00e9.<br \/>\n<strong><br \/>\n<\/strong><\/p>\n<p><strong>Liens et d&rsquo;autres r\u00e9f\u00e9rences<\/strong><br \/>\nEn aucun cas nous sommes responsables du contenu des pages Web externes auxquelles nous referons.<br \/>\n<strong><br \/>\n<\/strong><\/p>\n<p><strong>Copyright<\/strong><br \/>\nLe copyright de tous nos documents, images et autres contenus de tiers cit\u00e9s doit \u00eatre respect\u00e9 contraignant.<br \/>\nSans notre consentement n\u00e9cessaire, aucune utilisation ou duplication de nos images, documents et contenu n&rsquo;est autoris\u00e9e.<\/p>","protected":false},"excerpt":{"rendered":"<p>D\u00e9sir\u00e9e Wickler Atelier f\u00fcr Handdruck Am S\u00e4ndchen 8 53545 Linz Rh., Germany +49(0)2644-8085846 www.desireewickler.net kontakt(at)desireewickler.net Theme by\u00a0Anders Nor\u00e9n Non-responsabilit\u00e9 Les auteurs organisent ces pages avec le plus grand soin et sont soucieux de pr\u00e9senter les informations actuellement,\u00a0compl\u00e8tement,\u00a0correctement et dans la meilleure qualit\u00e9. Cependant toutes les indications sont fournies sans garantie. Les utilisateurs ne peuvent pas [&hellip;]<\/p>\n","protected":false},"author":2,"featured_media":0,"parent":8,"menu_order":0,"comment_status":"closed","ping_status":"closed","template":"","meta":{"om_disable_all_campaigns":false,"_exactmetrics_skip_tracking":false,"_exactmetrics_sitenote_active":false,"_exactmetrics_sitenote_note":"","_exactmetrics_sitenote_category":0,"_monsterinsights_skip_tracking":false,"_monsterinsights_sitenote_active":false,"_monsterinsights_sitenote_note":"","_monsterinsights_sitenote_category":0,"footnotes":""},"class_list":["post-184","page","type-page","status-publish","hentry"],"aioseo_notices":[],"_links":{"self":[{"href":"https:\/\/www.desireewickler.net\/fr\/wp-json\/wp\/v2\/pages\/184","targetHints":{"allow":["GET"]}}],"collection":[{"href":"https:\/\/www.desireewickler.net\/fr\/wp-json\/wp\/v2\/pages"}],"about":[{"href":"https:\/\/www.desireewickler.net\/fr\/wp-json\/wp\/v2\/types\/page"}],"author":[{"embeddable":true,"href":"https:\/\/www.desireewickler.net\/fr\/wp-json\/wp\/v2\/users\/2"}],"replies":[{"embeddable":true,"href":"https:\/\/www.desireewickler.net\/fr\/wp-json\/wp\/v2\/comments?post=184"}],"version-history":[{"count":18,"href":"https:\/\/www.desireewickler.net\/fr\/wp-json\/wp\/v2\/pages\/184\/revisions"}],"predecessor-version":[{"id":3769,"href":"https:\/\/www.desireewickler.net\/fr\/wp-json\/wp\/v2\/pages\/184\/revisions\/3769"}],"up":[{"embeddable":true,"href":"https:\/\/www.desireewickler.net\/fr\/wp-json\/wp\/v2\/pages\/8"}],"wp:attachment":[{"href":"https:\/\/www.desireewickler.net\/fr\/wp-json\/wp\/v2\/media?parent=184"}],"curies":[{"name":"wp","href":"https:\/\/api.w.org\/{rel}","templated":true}]}}