{"id":9,"date":"2017-05-11T11:15:06","date_gmt":"2017-05-11T09:15:06","guid":{"rendered":"https:\/\/desireewicklerblog.wordpress.com\/?page_id=5"},"modified":"2023-11-21T15:02:25","modified_gmt":"2023-11-21T14:02:25","slug":"blog","status":"publish","type":"page","link":"https:\/\/www.desireewickler.net\/de\/blog\/","title":{"rendered":"Ausstellungen"},"content":{"rendered":"<p><\/p>\n<h4>Einzel- und Zweierausstellungen<\/h4>\n<p><span style=\"text-decoration: underline;\">2019<\/span><br \/>\n&#8222;Eldorado&#8220;\u00a0Abbaye de Neum\u00fcnster, Luxembourg (Katalog)<br \/>\n&#8222;Verflechtung&#8220; mit Sabine Ostermann, Kunstverein Donnersbergkreis, Kirchheimbolanden<br \/>\n<span style=\"text-decoration: underline;\">2017<\/span><br \/>\n&#8222;Sweet Dreams?&#8220; Abbaye de Neum\u00fcnster, Luxembourg<br \/>\n<span style=\"text-decoration: underline;\">2013<\/span><br \/>\n&#8222;Gastmahl&#8220; Kunstkabinett S.M. Galerie f\u00fcr aktuelle Kunst, Bonn<br \/>\n<span style=\"text-decoration: underline;\">2012<\/span><br \/>\n&#8222;Menschenbilder&#8220; Lucas Cranach H\u00f6fe, Wittenberg<br \/>\n&#8222;Palavre&#8220; Pallcenter, Oberpallen, LU<br \/>\n&#8222;Motten ins Licht&#8220; mit Eva Ademi, Galerie Kjub, Luxembourg (Katalog)<br \/>\n<span style=\"text-decoration: underline;\">2010<\/span><br \/>\n&#8222;Mein Herzst\u00fcck&#8220; Kunstkabinett S.M. Galerie f\u00fcr aktuelle Kunst, Bonn<br \/>\n<span style=\"text-decoration: underline;\">2009<\/span><br \/>\n&#8222;Alltagstod&#8220; Br\u00fcckenforum, Bonn<br \/>\n&#8222;Open doors&#8220; mit Pasquale Demeco, Galerie Traumata, Bonn<br \/>\n<span style=\"text-decoration: underline;\">2008<\/span><br \/>\n&#8222;Femmes fatales&#8220; Galerie Kult 41, Bonn<br \/>\n&#8222;Gefallen&#8220; Cid femmes, Luxembourg<br \/>\n&#8222;Exchange&#8220; mit Norbert Hoffmann, Kulturhuef, Grevenmacher, LU<br \/>\n<span style=\"text-decoration: underline;\">2007<\/span><br \/>\n&#8222;Danses macabres&#8220; Galerie Support Your Local Artist, Bonn<\/p>\n<h4>Gruppenausstellungen (Auswahl)<\/h4>\n<p><span style=\"text-decoration: underline;\">2023<\/span><\/p>\n<p>&#8222;Pandora&#8220;, Abbaye de Neum\u00fcnster, Luxembourg<br \/>\n&#8222;Lions in the City&#8220;, CAW, Walferdange (LU)<br \/>\n<span style=\"text-decoration: underline;\">2022<\/span><br \/>\n&#8222;New Minett&#8220;, Koschthal, Esch-sur-Alzette (LU)<br \/>\n&#8222;Die Angst vor dem tanzenden Tod&#8220; Tufa Trier<br \/>\n&#8222;Tandem Human-Corals&#8220;, Bremen, Berlin, Bremerhaven<br \/>\n&#8222;Made in Luxembourg&#8220;, Gallerie Hollar, Prag (CZ)<br \/>\n&#8222;Preview Buchkunst Trier&#8220;, Palais Walderdorff, Trier<br \/>\n<span style=\"text-decoration: underline;\">2021<\/span><br \/>\n&#8222;Geheimnis Papier&#8220;, Schloss Burgau, D\u00fcren<br \/>\n&#8222;Flying Letters&#8220; von Birgit Jensen, Markt9, Linz<br \/>\n&#8222;Tandem Human-Corals&#8220;, Kiel, K\u00f6ln, D\u00fcsseldorf, M\u00fcnchen<br \/>\n&#8222;Figure in Print&#8220; BnL und MHNA, Luxembourg<br \/>\n<span style=\"text-decoration: underline;\">2020<\/span><br \/>\n&#8222;La gravure dans tous ses \u00e9tats&#8220;, Galerie Fellner contemporary, Luxembourg<br \/>\n&#8222;Wald. Wolf. Wildnis&#8220;, Haus Beda, Bitburg<br \/>\n&#8222;20e Biennale internationale petit format du papier&#8220;Mus\u00e9e du Petit Format, Nismes, Arlon, Br\u00fcssel, Sint-Niklaas (BE)<br \/>\n&#8222;Trump&#8220;, Einsteinhaus, Ulm<br \/>\n&#8222;druckFEST2&#8220;, BBK Galerie, Mainz<br \/>\n<span style=\"text-decoration: underline;\">2019<\/span><br \/>\n&#8222;Trump&#8220; Leverkusen, Monheim am Rhein, M\u00fcnchen, Ulft (NL)<br \/>\n<span style=\"text-decoration: underline;\">2018<\/span><br \/>\n&#8222;19e Biennale internationale petit format du papier&#8220; Mus\u00e9e du Petit Format, Nismes, Arlon, Br\u00fcssel (BE)<br \/>\n&#8222;Trump&#8220; D\u00fcsseldorf, Deggendorf, Hamburg, Bochum<br \/>\n&#8222;Le fil rouge&#8220;, Pavillon du Centenaire, Esch-sur-Alzette (LU)<br \/>\n&#8222;Printmaking 2018&#8220;, Carr\u00e9, Luxembourg<br \/>\n<span style=\"text-decoration: underline;\">2017<\/span><br \/>\n&#8222;Trump&#8220; Bunker k101, K\u00f6ln<br \/>\n&#8222;Uecht&#8220; Esch-sur-Alzette (LU)<br \/>\n<span style=\"text-decoration: underline;\">2016<\/span><br \/>\n&#8222;Parasit Paradise&#8220; Abbaye de Neum\u00fcnster, Luxembourg (Katalog)<br \/>\n&#8222;Dead End Stories&#8220; Konschthaus Beim Engel, Luxembourg (Katalog)<br \/>\n&#8222;Piccolo&#8220; Kunsthaus Troisdorf<br \/>\n<span style=\"text-decoration: underline;\">2015<\/span><br \/>\n&#8222;Luxembourg Art Week&#8220; Halle Viktor Hugo, Luxembourg (Katalog)<br \/>\n&#8222;Quartier 3&#8220; Esch-sur-Alzette, LU<br \/>\n<span style=\"text-decoration: underline;\">2014<\/span><br \/>\n&#8222;Peintures &amp; Sculptures&#8220; Galerie op der Cap, Capellen, LU<br \/>\n<span style=\"text-decoration: underline;\">2013<\/span><br \/>\n&#8222;L&#8217;Art Rochette&#8220; Ch\u00e2teau de Larochette, Larochette , LU<br \/>\n&#8222;Error 404&#8220; Haus an der Redoute, Bonn<br \/>\n&#8222;Wasteland&#8220; Konschthaus Beim Engel, Luxembourg (Katalog)<br \/>\n<span style=\"text-decoration: underline;\">2012<\/span><br \/>\n&#8222;fading memories&#8220; K\u00fcnstlerforum Bonn<br \/>\n<span style=\"text-decoration: underline;\">2011<\/span><br \/>\n&#8222;Bildet Kunst&#8220; Caesar, Bonn (Katalog)<br \/>\n&#8222;Can somegirl plug me in?&#8220; Galerie Terres rouges, Esch-sur-Alzette, LU<br \/>\n&#8222;Expressive&#8220; Kulturhaus Niederanven, LU<br \/>\n<span style=\"text-decoration: underline;\">2010<\/span><br \/>\n&#8222;Verpasst!!!&#8220; Galerie Traumata, Bonn (Katalog)<br \/>\n&#8222;Wanted &amp; Arrested&#8220; Kulturhaus Niederanven, LU<br \/>\n&#8222;eigenBlick&#8220; Stadtmuseum Siegburg<br \/>\n&#8222;Borderline&#8220; Haus an der Redoute, Bonn<br \/>\n&#8222;Artmix4&#8220; Konschthaus Beim Engel, Luxembourg (Katalog)<br \/>\n<span style=\"text-decoration: underline;\">2009<\/span><br \/>\n&#8222;Salon CAL&#8220; Carr\u00e9Rotondes, Luxembourg (Katalog)<br \/>\n&#8222;Artmix4&#8220; KuBa, Saarbr\u00fccken (Katalog)<br \/>\n<span style=\"text-decoration: underline;\">2008<\/span><br \/>\n&#8222;Wechselwarm&#8220; K\u00fcnstlerforum, Bonn<br \/>\n&#8222;Grossfeldgrafik und Das K\u00fcnstlerbuch&#8220; Br\u00fcckenforum, Bonn<br \/>\n&#8222;Triebwerk&#8220; Jack in the Box, K\u00f6ln (Katalog)<br \/>\n&#8222;Gr\u00fcn gleicht gr\u00fcn&#8220; Kunststadion Kleinsassen (Katalog)<br \/>\n&#8222;Die Schrift im Bild : Das K\u00fcnstlerbuch&#8220; Museum Ludwig, K\u00f6ln<br \/>\n<span style=\"text-decoration: underline;\">2007<\/span><br \/>\n&#8222;Sob a pele&#8220; Funda\u00e7\u00e3o Cultural Badesc, Florian\u00f3polis, BR (Katalog)<br \/>\n&#8222;Dialoge&#8220; DA Kunsthaus Kloster Gravenhorst, H\u00f6rstel<br \/>\n&#8222;Das K\u00fcnstlerbuch: Ein Raum f\u00fcr Lyrik&#8220; Museum Ludwig, K\u00f6ln<br \/>\n<span style=\"text-decoration: underline;\">2006<\/span><br \/>\n&#8222;Seitenansichten; K\u00fcnstlerb\u00fccher und Collagen&#8220; Br\u00fcckenforum, Bonn<\/p>","protected":false},"excerpt":{"rendered":"<p>Dies ist nur ein kurzer Auszug deines Blogs.<\/p>\n","protected":false},"author":2,"featured_media":76,"parent":0,"menu_order":1,"comment_status":"closed","ping_status":"closed","template":"","meta":{"om_disable_all_campaigns":false,"_exactmetrics_skip_tracking":false,"_exactmetrics_sitenote_active":false,"_exactmetrics_sitenote_note":"","_exactmetrics_sitenote_category":0,"_monsterinsights_skip_tracking":false,"_monsterinsights_sitenote_active":false,"_monsterinsights_sitenote_note":"","_monsterinsights_sitenote_category":0,"footnotes":""},"class_list":["post-9","page","type-page","status-publish","has-post-thumbnail","hentry"],"aioseo_notices":[],"_links":{"self":[{"href":"https:\/\/www.desireewickler.net\/de\/wp-json\/wp\/v2\/pages\/9","targetHints":{"allow":["GET"]}}],"collection":[{"href":"https:\/\/www.desireewickler.net\/de\/wp-json\/wp\/v2\/pages"}],"about":[{"href":"https:\/\/www.desireewickler.net\/de\/wp-json\/wp\/v2\/types\/page"}],"author":[{"embeddable":true,"href":"https:\/\/www.desireewickler.net\/de\/wp-json\/wp\/v2\/users\/2"}],"replies":[{"embeddable":true,"href":"https:\/\/www.desireewickler.net\/de\/wp-json\/wp\/v2\/comments?post=9"}],"version-history":[{"count":47,"href":"https:\/\/www.desireewickler.net\/de\/wp-json\/wp\/v2\/pages\/9\/revisions"}],"predecessor-version":[{"id":3917,"href":"https:\/\/www.desireewickler.net\/de\/wp-json\/wp\/v2\/pages\/9\/revisions\/3917"}],"wp:featuredmedia":[{"embeddable":true,"href":"https:\/\/www.desireewickler.net\/de\/wp-json\/wp\/v2\/media\/76"}],"wp:attachment":[{"href":"https:\/\/www.desireewickler.net\/de\/wp-json\/wp\/v2\/media?parent=9"}],"curies":[{"name":"wp","href":"https:\/\/api.w.org\/{rel}","templated":true}]}}