{"id":500,"date":"2017-05-16T15:23:32","date_gmt":"2017-05-16T13:23:32","guid":{"rendered":"https:\/\/desireewicklerblog.wordpress.com\/?page_id=500"},"modified":"2018-01-24T15:18:51","modified_gmt":"2018-01-24T14:18:51","slug":"artmix-4-kuenstleraustausch-luxemburg-saarbruecken-2009","status":"publish","type":"page","link":"https:\/\/www.desireewickler.net\/de\/home\/artmix-4-kuenstleraustausch-luxemburg-saarbruecken-2009\/","title":{"rendered":"Artmix 4: K\u00fcnstleraustausch Luxemburg- Saarbr\u00fccken 2009"},"content":{"rendered":"<p><\/p>\n<h6>8. Juli 2009, Luxemburger Wort<\/h6>\n<h4>Neue Impulse, Inspirationen und Blickwinkel<\/h4>\n<p>(&#8230;)<\/p>\n<p>D\u00e9sir\u00e9e Wickler sammelt Fotos von Tanz und auch von K\u00f6rperstudien, die wie \u00fcbermalt aussehen, es aber keineswegs sind&#8230; Dann malt und zeichnet sie, sehr phantasievoll mit einem Hang zum M\u00e4rchenhaften, vielerlei Traumgestalten, wie Prinzessinnen und Aliens, versetzt sie in die Realit\u00e4t auf Parkpl\u00e4tze, Verkehrsinseln oder Waschanlagen. Dabei m\u00f6chte sie auf das zwiesp\u00e4ltige Verh\u00e4ltnis von Mensch und Maschine hinweisen, durchaus verbunden mit Eindr\u00fccken von Erotik und Gewalt. Eine bereits fertig gestellte Bildserie von D\u00e9sir\u00e9e Wickler mit dem Titel &#8222;Die Vollkornverweigerer&#8220; ist gleich im ersten Raum des Kunsthauses zu sehne. Zwei W\u00e4nde sind mit ihren karikaturhaften Zeichnungen &#8222;gekachelt&#8220; und regen zum Staunen und Schmunzeln ein. (&#8230;)<\/p>\n<p>Von Marianne Eisen<\/p>\n<hr \/>\n<h6>24.10.2009, Saarbr\u00fccker Bild-Zeitung<\/h6>\n<h4><b>Junge wilde Kunst am Eurobahnhof!<\/b><\/h4>\n<p>Saarbr\u00fccken-<b> Junge Kreative der Region zeigen, was sie drauf haben! F\u00fcr das Projekt &#8222;artmix 4&#8220; arbeiteten vier K\u00fcnstler aus Luxemburg und dem Saarland zusammen.<\/b><\/p>\n<p>Das Ergebnis: Lebendige Werke unserer Kunstszene &#8211; zu sehen ab n\u00e4chstem Donnerstag im Kulturzentrum am Eurobahnhof (KuBa).<\/p>\n<p>&#8222;Artmix&#8220; gibt es in diesem Jahr bereits zum vierten Mal. Im Fr\u00fchjahr und Herbst 2009 trafen sich die Saarl\u00e4nder Maria Kowalski (33) und Philipp Neumann (26) mit den beiden Luxemburger D\u00e9sir\u00e9e Wickler (26) und Marina Herber (29) zum mehr w\u00f6chigen Kulturaustausch.<\/p>\n<p>EINE SPANNUNGSGELADENE BEGEGNUNG!<\/p>\n<p>Zeichnerin D\u00e9sir\u00e9e wickler: &#8222;Gerade k\u00fcnstlerisch waren wir nicht immer auf einer Linie, aber gerade das macht das Projekt so interessant.&#8220;<\/p>\n<p>Von Katrin Eisfeld<\/p>\n<hr \/>\n<h6>19.10.2009, Saarbr\u00fccker Zeitung<\/h6>\n<h4><b>Die Kunst ist stets in Reichweite<\/b><\/h4>\n<p>Luxemburger Artmix-G\u00e4ste f\u00fchlen sich im KuBa gut aufgehoben<\/p>\n<p><b>Artmix, die Begegnungsplattform f\u00fcr K\u00fcnstler aus der Gro\u00dfregion, erlebt derzeit ihre vierte Auflage. Wir haben die Luxemburger G\u00e4ste Marina Herber und D\u00e9sir\u00e9e Wickler in ihrem Quartier im KuBa besucht.\u00a0<\/b>(&#8230;)<\/p>\n<p>In Saarbr\u00fccken aber wolle man erstmals ein gemeinsames Projekt angehen, sagt D\u00e9sir\u00e9e Wickler. Die 26-J\u00e4hrige, die im Vorjahr ihr Diplom an der privaten Alanus Hochschule f\u00fcr Kunst und Gesellschaft in Alfter bei Bonn abschloss, bewegt sich k\u00fcnstlerisch an der grenze zwischen Malerei und Zeichnung. Expressiv und mit surrealistischem Touch setzt sie in K\u00fcnstlerb\u00fcchern oder Serien mit Titeln wie &#8222;Prinzessin auf dem Abstellgleis&#8220; \u00c4ngste und Fantasien rund um weibliche Identit\u00e4t und Erotik ins Bild.<\/p>\n<p>&#8222;Mein Oberthema sind K\u00f6rperinszenierungen&#8220; erkl\u00e4rt Wickler. (&#8230;)<\/p>\n<p>Von SZ-Mitarbeiterin Silvia Buss<\/p>","protected":false},"excerpt":{"rendered":"<p>8. Juli 2009, Luxemburger Wort Neue Impulse, Inspirationen und Blickwinkel (&#8230;) D\u00e9sir\u00e9e Wickler sammelt Fotos von Tanz und auch von K\u00f6rperstudien, die wie \u00fcbermalt aussehen, es aber keineswegs sind&#8230; Dann malt und zeichnet sie, sehr phantasievoll mit einem Hang zum M\u00e4rchenhaften, vielerlei Traumgestalten, wie Prinzessinnen und Aliens, versetzt sie in die Realit\u00e4t auf Parkpl\u00e4tze, Verkehrsinseln [&hellip;]<\/p>\n","protected":false},"author":2,"featured_media":501,"parent":6,"menu_order":0,"comment_status":"closed","ping_status":"closed","template":"","meta":{"om_disable_all_campaigns":false,"_exactmetrics_skip_tracking":false,"_exactmetrics_sitenote_active":false,"_exactmetrics_sitenote_note":"","_exactmetrics_sitenote_category":0,"_monsterinsights_skip_tracking":false,"_monsterinsights_sitenote_active":false,"_monsterinsights_sitenote_note":"","_monsterinsights_sitenote_category":0,"footnotes":""},"class_list":["post-500","page","type-page","status-publish","has-post-thumbnail","hentry"],"aioseo_notices":[],"_links":{"self":[{"href":"https:\/\/www.desireewickler.net\/de\/wp-json\/wp\/v2\/pages\/500","targetHints":{"allow":["GET"]}}],"collection":[{"href":"https:\/\/www.desireewickler.net\/de\/wp-json\/wp\/v2\/pages"}],"about":[{"href":"https:\/\/www.desireewickler.net\/de\/wp-json\/wp\/v2\/types\/page"}],"author":[{"embeddable":true,"href":"https:\/\/www.desireewickler.net\/de\/wp-json\/wp\/v2\/users\/2"}],"replies":[{"embeddable":true,"href":"https:\/\/www.desireewickler.net\/de\/wp-json\/wp\/v2\/comments?post=500"}],"version-history":[{"count":1,"href":"https:\/\/www.desireewickler.net\/de\/wp-json\/wp\/v2\/pages\/500\/revisions"}],"predecessor-version":[{"id":1505,"href":"https:\/\/www.desireewickler.net\/de\/wp-json\/wp\/v2\/pages\/500\/revisions\/1505"}],"up":[{"embeddable":true,"href":"https:\/\/www.desireewickler.net\/de\/wp-json\/wp\/v2\/pages\/6"}],"wp:featuredmedia":[{"embeddable":true,"href":"https:\/\/www.desireewickler.net\/de\/wp-json\/wp\/v2\/media\/501"}],"wp:attachment":[{"href":"https:\/\/www.desireewickler.net\/de\/wp-json\/wp\/v2\/media?parent=500"}],"curies":[{"name":"wp","href":"https:\/\/api.w.org\/{rel}","templated":true}]}}