{"id":493,"date":"2017-05-16T15:21:24","date_gmt":"2017-05-16T13:21:24","guid":{"rendered":"https:\/\/desireewicklerblog.wordpress.com\/?page_id=493"},"modified":"2018-01-24T15:49:52","modified_gmt":"2018-01-24T14:49:52","slug":"papierbaeumchen-und-maerchenhafte-zeichnungen","status":"publish","type":"page","link":"https:\/\/www.desireewickler.net\/de\/home\/papierbaeumchen-und-maerchenhafte-zeichnungen\/","title":{"rendered":"Papierb\u00e4umchen und m\u00e4rchenhafte Zeichnungen"},"content":{"rendered":"<p><\/p>\n<h6>25.06.2008, Luxemburger Wort<\/h6>\n<p>Ausstellung und Buchprojekt von Norbert Hoffmann feat. D\u00e9sir\u00e9e Wickler<\/p>\n<p><b>(&#8230;)<\/b> Ein gr\u00fcner Apfel in der Skulptur &#8222;Adam und Eva&#8220; wird unwillk\u00fcrlich zum Blickfang und dient zum besseren Verst\u00e4ndnisses des Titels. Weitere Papierskulpturen haben die Form eines Buches mit blauen und gr\u00fcnen Quadraten und weisen auf das gemeinsame Buchprojekt mit D\u00e9sir\u00e9e Wickler hin. In den Vitrinen liegen schon die dazugeh\u00f6rigen Utensilien (Buchdeckel, Einband usw.) bereit. Im Laufe der Ausstellung soll es auf den historischen Pressen des Museums umgesetzt werden. Es soll wohl eine Art modernes Bilderbuch werden, denn die Originalzeichnungen von D\u00e9sir\u00e9e Wickler h\u00e4ngen an der Wand und erz\u00e4hlen eine Geschichte von Prinzessinnen, goldenen Kronen, Teufelchen, Fr\u00f6schen, Kreuzspinnen, P\u00e9ckvillecher und geheimen Symbolen (&#8222;Danses macabres&#8220;). Sie sind mit Tusche ausschlie\u00dflich in den Farben Schwarz, Rot und Gold gehalten und lassen aufgrund der z\u00fcgigen Pinselstriche und Stilisierungen ein modernes M\u00e4rchen vermuten.<\/p>\n<p>(&#8230;)<\/p>\n<p>&nbsp;<\/p>\n<p>Von Marianne Eisen<\/p>","protected":false},"excerpt":{"rendered":"<p>25.06.2008, Luxemburger Wort Ausstellung und Buchprojekt von Norbert Hoffmann feat. D\u00e9sir\u00e9e Wickler (&#8230;) Ein gr\u00fcner Apfel in der Skulptur &#8222;Adam und Eva&#8220; wird unwillk\u00fcrlich zum Blickfang und dient zum besseren Verst\u00e4ndnisses des Titels. Weitere Papierskulpturen haben die Form eines Buches mit blauen und gr\u00fcnen Quadraten und weisen auf das gemeinsame Buchprojekt mit D\u00e9sir\u00e9e Wickler hin. [&hellip;]<\/p>\n","protected":false},"author":2,"featured_media":495,"parent":6,"menu_order":0,"comment_status":"closed","ping_status":"closed","template":"","meta":{"om_disable_all_campaigns":false,"_exactmetrics_skip_tracking":false,"_exactmetrics_sitenote_active":false,"_exactmetrics_sitenote_note":"","_exactmetrics_sitenote_category":0,"_monsterinsights_skip_tracking":false,"_monsterinsights_sitenote_active":false,"_monsterinsights_sitenote_note":"","_monsterinsights_sitenote_category":0,"footnotes":""},"class_list":["post-493","page","type-page","status-publish","has-post-thumbnail","hentry"],"aioseo_notices":[],"_links":{"self":[{"href":"https:\/\/www.desireewickler.net\/de\/wp-json\/wp\/v2\/pages\/493","targetHints":{"allow":["GET"]}}],"collection":[{"href":"https:\/\/www.desireewickler.net\/de\/wp-json\/wp\/v2\/pages"}],"about":[{"href":"https:\/\/www.desireewickler.net\/de\/wp-json\/wp\/v2\/types\/page"}],"author":[{"embeddable":true,"href":"https:\/\/www.desireewickler.net\/de\/wp-json\/wp\/v2\/users\/2"}],"replies":[{"embeddable":true,"href":"https:\/\/www.desireewickler.net\/de\/wp-json\/wp\/v2\/comments?post=493"}],"version-history":[{"count":1,"href":"https:\/\/www.desireewickler.net\/de\/wp-json\/wp\/v2\/pages\/493\/revisions"}],"predecessor-version":[{"id":1510,"href":"https:\/\/www.desireewickler.net\/de\/wp-json\/wp\/v2\/pages\/493\/revisions\/1510"}],"up":[{"embeddable":true,"href":"https:\/\/www.desireewickler.net\/de\/wp-json\/wp\/v2\/pages\/6"}],"wp:featuredmedia":[{"embeddable":true,"href":"https:\/\/www.desireewickler.net\/de\/wp-json\/wp\/v2\/media\/495"}],"wp:attachment":[{"href":"https:\/\/www.desireewickler.net\/de\/wp-json\/wp\/v2\/media?parent=493"}],"curies":[{"name":"wp","href":"https:\/\/api.w.org\/{rel}","templated":true}]}}