{"id":483,"date":"2017-05-16T15:12:08","date_gmt":"2017-05-16T13:12:08","guid":{"rendered":"https:\/\/desireewicklerblog.wordpress.com\/?page_id=483"},"modified":"2019-09-07T18:16:18","modified_gmt":"2019-09-07T16:16:18","slug":"daad-preis-fuer-desiree-wickler-von-der-alanus-hochschule","status":"publish","type":"page","link":"https:\/\/www.desireewickler.net\/de\/home\/daad-preis-fuer-desiree-wickler-von-der-alanus-hochschule\/","title":{"rendered":"DAAD-Preis f\u00fcr D\u00e9sir\u00e9e Wickler von der Alanus Hochschule"},"content":{"rendered":"<p><\/p>\n<h6>15. 09.2008, <a href=\"http:\/\/idw-online.de\/pages\/de\/news278113\">http:\/\/idw-online.de\/<\/a>\u00a0et al.<\/h6>\n<p><b>Bonn<\/b> &#8211; Im Rahmen der feierlichen Er\u00f6ffnung des Studienjahres hat die Alanus Hochschule gestern zum vierten Mal den DAAD-Preis f\u00fcr hervorragende Leistungen ausl\u00e4ndischer Studierender vergeben. Die diesj\u00e4hrige Preistr\u00e4gerin ist D\u00e9sir\u00e9e Wickler aus Luxemburg.<\/p>\n<p>Die 25-j\u00e4hrige K\u00fcnstlerin studiert seit vier Jahren Malerei und Kulturp\u00e4dagogik an der Alanus Hochschule und wird ihr Studium in diesem Jahr mit dem Diplom abschlie\u00dfen wird. Sie kann bereits auf verschiedene Einzel- und Gruppenausstellungen zur\u00fcckblicken. Parallel zum Studium hat sie sich zudem als Mitarbeiterin im Akademischen Auslandsamt um die Betreuung ausl\u00e4ndischer Studierender gek\u00fcmmert und f\u00fcr sie kulturelle Veranstaltungen organisiert.<\/p>\n<p>&#8222;Ihre Bilder sind bizarr und ungew\u00f6hnlich, schonungslos und sehr sensibel zugleich&#8220;, so Malerei-Professor Andreas Reichel in seiner Laudatio. Ihre Kunst ereigne sich an der Grenze zwischen Malerei und Zeichnung. Zudem lote sie die menschlichen Grenzen von Erotik, Pornographie, Gewalt und F\u00fcrsorglichkeit aus, erl\u00e4uterte Reichel.<\/p>\n<p>(&#8230;)<\/p>","protected":false},"excerpt":{"rendered":"<p>15. 09.2008, http:\/\/idw-online.de\/\u00a0et al. Bonn &#8211; Im Rahmen der feierlichen Er\u00f6ffnung des Studienjahres hat die Alanus Hochschule gestern zum vierten Mal den DAAD-Preis f\u00fcr hervorragende Leistungen ausl\u00e4ndischer Studierender vergeben. Die diesj\u00e4hrige Preistr\u00e4gerin ist D\u00e9sir\u00e9e Wickler aus Luxemburg. Die 25-j\u00e4hrige K\u00fcnstlerin studiert seit vier Jahren Malerei und Kulturp\u00e4dagogik an der Alanus Hochschule und wird ihr Studium [&hellip;]<\/p>\n","protected":false},"author":2,"featured_media":487,"parent":6,"menu_order":0,"comment_status":"closed","ping_status":"closed","template":"","meta":{"om_disable_all_campaigns":false,"_exactmetrics_skip_tracking":false,"_exactmetrics_sitenote_active":false,"_exactmetrics_sitenote_note":"","_exactmetrics_sitenote_category":0,"_monsterinsights_skip_tracking":false,"_monsterinsights_sitenote_active":false,"_monsterinsights_sitenote_note":"","_monsterinsights_sitenote_category":0,"footnotes":""},"class_list":["post-483","page","type-page","status-publish","has-post-thumbnail","hentry"],"aioseo_notices":[],"_links":{"self":[{"href":"https:\/\/www.desireewickler.net\/de\/wp-json\/wp\/v2\/pages\/483","targetHints":{"allow":["GET"]}}],"collection":[{"href":"https:\/\/www.desireewickler.net\/de\/wp-json\/wp\/v2\/pages"}],"about":[{"href":"https:\/\/www.desireewickler.net\/de\/wp-json\/wp\/v2\/types\/page"}],"author":[{"embeddable":true,"href":"https:\/\/www.desireewickler.net\/de\/wp-json\/wp\/v2\/users\/2"}],"replies":[{"embeddable":true,"href":"https:\/\/www.desireewickler.net\/de\/wp-json\/wp\/v2\/comments?post=483"}],"version-history":[{"count":1,"href":"https:\/\/www.desireewickler.net\/de\/wp-json\/wp\/v2\/pages\/483\/revisions"}],"predecessor-version":[{"id":2047,"href":"https:\/\/www.desireewickler.net\/de\/wp-json\/wp\/v2\/pages\/483\/revisions\/2047"}],"up":[{"embeddable":true,"href":"https:\/\/www.desireewickler.net\/de\/wp-json\/wp\/v2\/pages\/6"}],"wp:featuredmedia":[{"embeddable":true,"href":"https:\/\/www.desireewickler.net\/de\/wp-json\/wp\/v2\/media\/487"}],"wp:attachment":[{"href":"https:\/\/www.desireewickler.net\/de\/wp-json\/wp\/v2\/media?parent=483"}],"curies":[{"name":"wp","href":"https:\/\/api.w.org\/{rel}","templated":true}]}}