{"id":478,"date":"2017-05-16T15:09:21","date_gmt":"2017-05-16T13:09:21","guid":{"rendered":"https:\/\/desireewicklerblog.wordpress.com\/?page_id=478"},"modified":"2017-05-16T15:09:21","modified_gmt":"2017-05-16T13:09:21","slug":"monster-frisst-aengste-auf","status":"publish","type":"page","link":"https:\/\/www.desireewickler.net\/de\/home\/monster-frisst-aengste-auf\/","title":{"rendered":"Monster frisst \u00c4ngste auf"},"content":{"rendered":"<h6>08.08.2009, Generalanzeiger Bonn<\/h6>\n<p>D\u00e9sir\u00e9e Wickler stellt ihre Werke in der Bezirksbibliothek aus<\/p>\n<p>In der hintersten Ecke der Bezirksbibliothek Beuel lauert ein z\u00e4hnefletschendes Monster, das auf Zeichenb\u00f6gen gebannte Kinder\u00e4ngste frisst: Die mit schwarzem Pl\u00fcsch ummantelte Zeichenmappe mit Pappz\u00e4hnen ist das Werk von D\u00e9sir\u00e9e Wickler. Seit Donnerstag weist die etwas d\u00fcstere Installation den Weg zur neusten Ausstellung der luxemburgischen K\u00fcnstlerin. Unter dem Titel &#8222;Alltagstod&#8220; sind in der \u00d6ffentlichen Bibliothek im Br\u00fcckenforum bis Ende August Grafiken, Zeichnungen und K\u00fcnstlerb\u00fccher der 26-j\u00e4hrigen Alanus-Absolventin zu sehen. &#8222;Meine Kunst soll die M\u00f6glichkeit er\u00f6ffnen, f\u00fcr einige Momente aus dem Alltag zu fliehen&#8220;, sagte Wickler bei der Ausstellungser\u00f6ffnung. Die Motive ihrer Werke geben dazu allen Anlass: Mit expressiven und dynamischn Strichen kreiert die Luxemburgerin mal komische, mal absurde, mal schaurige Szenen. In der Serie &#8222;danses macabres&#8220; etwa ringt eine unf\u00f6rmige Figur mit einem fantastisch anmutenden Fisch, im Bild daneben stapeln sich Totensch\u00e4del. An der Wand gegen\u00fcber setzt sich Wickler mit dem Thema &#8222;Verbockte Kindheit&#8220; auseinander, in dem sie alte Erziehungsweisheiten wie &#8222;Setz&#8216; dich nicht zu den Schmuddelkindern&#8220; oder &#8222;Du brauchst einen sicheren Arbeitsplatz&#8220; auf der Wellpappe von Umzugskartons mir surrealistischen Grafiken konfrontiert. F\u00fcr Wickler markiert die Ausstellung auch den symbolischen Abschluss eines wichtigen abschnitt ihres Lebens: &#8222;Alle Werke sind w\u00e4hrend meiner Zeit an der Alanus-Hochschule entstanden Insofern ist das hier auch eine kleine Hommage an mein Studium&#8220;. Die Ausstellung &#8222;Alltagstod&#8220; kann noch bis 25. August 2009 besucht werden. sie ist in der Friedrich-Breuer-Strasse 17 zu sehen.<\/p>\n<p>Von Thomas Thiel<\/p>\n","protected":false},"excerpt":{"rendered":"<p>08.08.2009, Generalanzeiger Bonn D\u00e9sir\u00e9e Wickler stellt ihre Werke in der Bezirksbibliothek aus In der hintersten Ecke der Bezirksbibliothek Beuel lauert ein z\u00e4hnefletschendes Monster, das auf Zeichenb\u00f6gen gebannte Kinder\u00e4ngste frisst: Die mit schwarzem Pl\u00fcsch ummantelte Zeichenmappe mit Pappz\u00e4hnen ist das Werk von D\u00e9sir\u00e9e Wickler. Seit Donnerstag weist die etwas d\u00fcstere Installation den Weg zur neusten Ausstellung [&hellip;]<\/p>\n","protected":false},"author":2,"featured_media":481,"parent":6,"menu_order":0,"comment_status":"closed","ping_status":"closed","template":"","meta":{"om_disable_all_campaigns":false,"_exactmetrics_skip_tracking":false,"_exactmetrics_sitenote_active":false,"_exactmetrics_sitenote_note":"","_exactmetrics_sitenote_category":0,"_monsterinsights_skip_tracking":false,"_monsterinsights_sitenote_active":false,"_monsterinsights_sitenote_note":"","_monsterinsights_sitenote_category":0,"footnotes":""},"class_list":["post-478","page","type-page","status-publish","has-post-thumbnail","hentry"],"aioseo_notices":[],"_links":{"self":[{"href":"https:\/\/www.desireewickler.net\/de\/wp-json\/wp\/v2\/pages\/478","targetHints":{"allow":["GET"]}}],"collection":[{"href":"https:\/\/www.desireewickler.net\/de\/wp-json\/wp\/v2\/pages"}],"about":[{"href":"https:\/\/www.desireewickler.net\/de\/wp-json\/wp\/v2\/types\/page"}],"author":[{"embeddable":true,"href":"https:\/\/www.desireewickler.net\/de\/wp-json\/wp\/v2\/users\/2"}],"replies":[{"embeddable":true,"href":"https:\/\/www.desireewickler.net\/de\/wp-json\/wp\/v2\/comments?post=478"}],"version-history":[{"count":0,"href":"https:\/\/www.desireewickler.net\/de\/wp-json\/wp\/v2\/pages\/478\/revisions"}],"up":[{"embeddable":true,"href":"https:\/\/www.desireewickler.net\/de\/wp-json\/wp\/v2\/pages\/6"}],"wp:featuredmedia":[{"embeddable":true,"href":"https:\/\/www.desireewickler.net\/de\/wp-json\/wp\/v2\/media\/481"}],"wp:attachment":[{"href":"https:\/\/www.desireewickler.net\/de\/wp-json\/wp\/v2\/media?parent=478"}],"curies":[{"name":"wp","href":"https:\/\/api.w.org\/{rel}","templated":true}]}}