{"id":468,"date":"2017-05-16T15:05:10","date_gmt":"2017-05-16T13:05:10","guid":{"rendered":"https:\/\/desireewicklerblog.wordpress.com\/?page_id=468"},"modified":"2017-05-16T15:05:10","modified_gmt":"2017-05-16T13:05:10","slug":"valentine-rothe-preis","status":"publish","type":"page","link":"https:\/\/www.desireewickler.net\/de\/home\/valentine-rothe-preis\/","title":{"rendered":"Valentine Rothe Preis f\u00fcr D\u00e9sir\u00e9e Wickler"},"content":{"rendered":"<h6>29. 11.2010, http:\/\/www.cid-femmes.lu\/<\/h6>\n<p>Der Valentine Rothe Preis wird jedes Jahr vom Bonner Frauenmuseum f\u00fcr K\u00fcnstlerinnen unter 35 Jahren ausgeschrieben. Dieses Jahr gewann die aus Luxemburg stammende K\u00fcnstlerin D\u00e9sir\u00e9e Wickler den ersten Preis mit ihrem provokativ angehauchtem Werk &#8222;Mein Herzst\u00fcck&#8220; und &#8222;Blitzkrieg mit dem Fleischgewehr&#8220;. Die Entscheidung der Jury wurde wie folgt begr\u00fcndet:<\/p>\n<p>&#8222;Die j\u00fcngste unter den nominierten K\u00fcnstlerinnen: k\u00f6stlich absurd, karikativ comic-esque mit einer Tiefe, die durch die gute Pr\u00e4sentation gest\u00fctzt wird.&#8220;<\/p>\n<p>Der zweite Preis ging an die aus Teheran stammende K\u00fcnstlerin Mona Hakimi-Sch\u00fcler und der dritte Platz belegt Sabine Auer mit ihren spannenden Tryptychonarbeiten.<\/p>\n<p>2008 zeigte D\u00e9sir\u00e9e Wickler ihre Arbeiten &#8222;Gefallen&#8220; im Cid-femmes.<\/p>\n","protected":false},"excerpt":{"rendered":"<p>29. 11.2010, http:\/\/www.cid-femmes.lu\/ Der Valentine Rothe Preis wird jedes Jahr vom Bonner Frauenmuseum f\u00fcr K\u00fcnstlerinnen unter 35 Jahren ausgeschrieben. Dieses Jahr gewann die aus Luxemburg stammende K\u00fcnstlerin D\u00e9sir\u00e9e Wickler den ersten Preis mit ihrem provokativ angehauchtem Werk &#8222;Mein Herzst\u00fcck&#8220; und &#8222;Blitzkrieg mit dem Fleischgewehr&#8220;. Die Entscheidung der Jury wurde wie folgt begr\u00fcndet: &#8222;Die j\u00fcngste unter [&hellip;]<\/p>\n","protected":false},"author":2,"featured_media":469,"parent":6,"menu_order":0,"comment_status":"closed","ping_status":"closed","template":"","meta":{"om_disable_all_campaigns":false,"_exactmetrics_skip_tracking":false,"_exactmetrics_sitenote_active":false,"_exactmetrics_sitenote_note":"","_exactmetrics_sitenote_category":0,"_monsterinsights_skip_tracking":false,"_monsterinsights_sitenote_active":false,"_monsterinsights_sitenote_note":"","_monsterinsights_sitenote_category":0,"footnotes":""},"class_list":["post-468","page","type-page","status-publish","has-post-thumbnail","hentry"],"aioseo_notices":[],"_links":{"self":[{"href":"https:\/\/www.desireewickler.net\/de\/wp-json\/wp\/v2\/pages\/468","targetHints":{"allow":["GET"]}}],"collection":[{"href":"https:\/\/www.desireewickler.net\/de\/wp-json\/wp\/v2\/pages"}],"about":[{"href":"https:\/\/www.desireewickler.net\/de\/wp-json\/wp\/v2\/types\/page"}],"author":[{"embeddable":true,"href":"https:\/\/www.desireewickler.net\/de\/wp-json\/wp\/v2\/users\/2"}],"replies":[{"embeddable":true,"href":"https:\/\/www.desireewickler.net\/de\/wp-json\/wp\/v2\/comments?post=468"}],"version-history":[{"count":0,"href":"https:\/\/www.desireewickler.net\/de\/wp-json\/wp\/v2\/pages\/468\/revisions"}],"up":[{"embeddable":true,"href":"https:\/\/www.desireewickler.net\/de\/wp-json\/wp\/v2\/pages\/6"}],"wp:featuredmedia":[{"embeddable":true,"href":"https:\/\/www.desireewickler.net\/de\/wp-json\/wp\/v2\/media\/469"}],"wp:attachment":[{"href":"https:\/\/www.desireewickler.net\/de\/wp-json\/wp\/v2\/media?parent=468"}],"curies":[{"name":"wp","href":"https:\/\/api.w.org\/{rel}","templated":true}]}}