{"id":464,"date":"2017-05-16T15:03:03","date_gmt":"2017-05-16T13:03:03","guid":{"rendered":"https:\/\/desireewicklerblog.wordpress.com\/?page_id=464"},"modified":"2017-05-16T15:03:03","modified_gmt":"2017-05-16T13:03:03","slug":"le-promontoire-des-arts","status":"publish","type":"page","link":"https:\/\/www.desireewickler.net\/de\/home\/le-promontoire-des-arts\/","title":{"rendered":"Le promontoire des arts"},"content":{"rendered":"<h6><b>10. September 2011, Luxemburger Wort<\/b><\/h6>\n<p><b>Une pl\u00e9thore d&#8217;artistes \u00e0 (re)d\u00e9couvrir<\/b><\/p>\n<p>(&#8230;) D\u00e9sir\u00e9e Wickler, dans sa s\u00e9rie de photographies &#8222;Carne vale&#8220;, aborde diff\u00e9rents traumatismes que l&#8217;on peut faire subir au corps, en particulier avec l&#8217;id\u00e9e de transgression du piercing extr\u00eame, tout cela dans une atmosph\u00e8re baroquisante. (&#8230;)<\/p>\n<p>Par Nathalie Becker<\/p>\n","protected":false},"excerpt":{"rendered":"<p>10. September 2011, Luxemburger Wort Une pl\u00e9thore d&#8217;artistes \u00e0 (re)d\u00e9couvrir (&#8230;) D\u00e9sir\u00e9e Wickler, dans sa s\u00e9rie de photographies &#8222;Carne vale&#8220;, aborde diff\u00e9rents traumatismes que l&#8217;on peut faire subir au corps, en particulier avec l&#8217;id\u00e9e de transgression du piercing extr\u00eame, tout cela dans une atmosph\u00e8re baroquisante. (&#8230;) Par Nathalie Becker<\/p>\n","protected":false},"author":2,"featured_media":466,"parent":6,"menu_order":0,"comment_status":"closed","ping_status":"closed","template":"","meta":{"om_disable_all_campaigns":false,"_exactmetrics_skip_tracking":false,"_exactmetrics_sitenote_active":false,"_exactmetrics_sitenote_note":"","_exactmetrics_sitenote_category":0,"_monsterinsights_skip_tracking":false,"_monsterinsights_sitenote_active":false,"_monsterinsights_sitenote_note":"","_monsterinsights_sitenote_category":0,"footnotes":""},"class_list":["post-464","page","type-page","status-publish","has-post-thumbnail","hentry"],"aioseo_notices":[],"_links":{"self":[{"href":"https:\/\/www.desireewickler.net\/de\/wp-json\/wp\/v2\/pages\/464","targetHints":{"allow":["GET"]}}],"collection":[{"href":"https:\/\/www.desireewickler.net\/de\/wp-json\/wp\/v2\/pages"}],"about":[{"href":"https:\/\/www.desireewickler.net\/de\/wp-json\/wp\/v2\/types\/page"}],"author":[{"embeddable":true,"href":"https:\/\/www.desireewickler.net\/de\/wp-json\/wp\/v2\/users\/2"}],"replies":[{"embeddable":true,"href":"https:\/\/www.desireewickler.net\/de\/wp-json\/wp\/v2\/comments?post=464"}],"version-history":[{"count":0,"href":"https:\/\/www.desireewickler.net\/de\/wp-json\/wp\/v2\/pages\/464\/revisions"}],"up":[{"embeddable":true,"href":"https:\/\/www.desireewickler.net\/de\/wp-json\/wp\/v2\/pages\/6"}],"wp:featuredmedia":[{"embeddable":true,"href":"https:\/\/www.desireewickler.net\/de\/wp-json\/wp\/v2\/media\/466"}],"wp:attachment":[{"href":"https:\/\/www.desireewickler.net\/de\/wp-json\/wp\/v2\/media?parent=464"}],"curies":[{"name":"wp","href":"https:\/\/api.w.org\/{rel}","templated":true}]}}