{"id":457,"date":"2017-05-16T15:01:24","date_gmt":"2017-05-16T13:01:24","guid":{"rendered":"https:\/\/desireewicklerblog.wordpress.com\/?page_id=457"},"modified":"2017-05-16T15:01:24","modified_gmt":"2017-05-16T13:01:24","slug":"laber-palaver-rhabarber","status":"publish","type":"page","link":"https:\/\/www.desireewickler.net\/de\/home\/laber-palaver-rhabarber\/","title":{"rendered":"Laber, Palaver, Rhabarber"},"content":{"rendered":"<h6>30.11.2012, Luxemburger Wort<\/h6>\n<p><strong>Im &#8222;Schopping Village Pall Center&#8220;<\/strong><strong>\u00a0in Niederpallen.<\/strong><\/p>\n<p>&#8222;Laber, Palaver, Rhabarber&#8220; ist der Titel eines innovativen Projekts der renommierten luxemburger K\u00fcnstlerin\u00a0D\u00e9sir\u00e9e Wickler, das in Zusammenarbeit mit dem &#8222;Shopping Village Pall Center&#8220;\u00a0anl\u00e4sslich des 30. Jubil\u00e4umsjahr umgesetzt wurde. \u00dcber das Jahr 2012 konnten sich kunstinteressierte Kunden und Personal in zehn Workshops von D\u00e9sir\u00e9e Wickler in die Technik der Gravuren einf\u00fchren lassen. Das Resultat der Kreativateliers mit zehn grossformatigen Gravuren sowie einem gleichnamigen Kalender 2013 w\u00fcrde j\u00fcngst im Rahmen einer Vernissage im Restaurant &#8222;Foxy&#8220; vorgestellt. Im Mittelpunkt der Kunstwerke steht der schlaue Meister Reineke mi seinen cleveren Gesch\u00e4ftsspr\u00fcchen. &#8222;Diese Werke sind unerk\u00e4uflich und werden weiterhin als bleibende Erinnerung an die 30j\u00e4hrige Erfolgsstory die W\u00e4nde des &#8222;Shopping Village Pall Center&#8220; schm\u00fccken&#8220; erkl\u00e4rte Christiane Wickler vom Pallcenter. Der in derhieseigen Gegend h\u00e4ufig anzutreffende Fuchs steht als Symbol f\u00fcr die Region.\u00a0 (&#8230;)<\/p>\n<p>(rfg)<\/p>\n","protected":false},"excerpt":{"rendered":"<p>30.11.2012, Luxemburger Wort Im &#8222;Schopping Village Pall Center&#8220;\u00a0in Niederpallen. &#8222;Laber, Palaver, Rhabarber&#8220; ist der Titel eines innovativen Projekts der renommierten luxemburger K\u00fcnstlerin\u00a0D\u00e9sir\u00e9e Wickler, das in Zusammenarbeit mit dem &#8222;Shopping Village Pall Center&#8220;\u00a0anl\u00e4sslich des 30. Jubil\u00e4umsjahr umgesetzt wurde. \u00dcber das Jahr 2012 konnten sich kunstinteressierte Kunden und Personal in zehn Workshops von D\u00e9sir\u00e9e Wickler in die [&hellip;]<\/p>\n","protected":false},"author":2,"featured_media":461,"parent":6,"menu_order":0,"comment_status":"closed","ping_status":"closed","template":"","meta":{"om_disable_all_campaigns":false,"_exactmetrics_skip_tracking":false,"_exactmetrics_sitenote_active":false,"_exactmetrics_sitenote_note":"","_exactmetrics_sitenote_category":0,"_monsterinsights_skip_tracking":false,"_monsterinsights_sitenote_active":false,"_monsterinsights_sitenote_note":"","_monsterinsights_sitenote_category":0,"footnotes":""},"class_list":["post-457","page","type-page","status-publish","has-post-thumbnail","hentry"],"aioseo_notices":[],"_links":{"self":[{"href":"https:\/\/www.desireewickler.net\/de\/wp-json\/wp\/v2\/pages\/457","targetHints":{"allow":["GET"]}}],"collection":[{"href":"https:\/\/www.desireewickler.net\/de\/wp-json\/wp\/v2\/pages"}],"about":[{"href":"https:\/\/www.desireewickler.net\/de\/wp-json\/wp\/v2\/types\/page"}],"author":[{"embeddable":true,"href":"https:\/\/www.desireewickler.net\/de\/wp-json\/wp\/v2\/users\/2"}],"replies":[{"embeddable":true,"href":"https:\/\/www.desireewickler.net\/de\/wp-json\/wp\/v2\/comments?post=457"}],"version-history":[{"count":0,"href":"https:\/\/www.desireewickler.net\/de\/wp-json\/wp\/v2\/pages\/457\/revisions"}],"up":[{"embeddable":true,"href":"https:\/\/www.desireewickler.net\/de\/wp-json\/wp\/v2\/pages\/6"}],"wp:featuredmedia":[{"embeddable":true,"href":"https:\/\/www.desireewickler.net\/de\/wp-json\/wp\/v2\/media\/461"}],"wp:attachment":[{"href":"https:\/\/www.desireewickler.net\/de\/wp-json\/wp\/v2\/media?parent=457"}],"curies":[{"name":"wp","href":"https:\/\/api.w.org\/{rel}","templated":true}]}}