{"id":450,"date":"2017-05-16T14:55:21","date_gmt":"2017-05-16T12:55:21","guid":{"rendered":"https:\/\/desireewicklerblog.wordpress.com\/?page_id=450"},"modified":"2017-05-16T14:55:21","modified_gmt":"2017-05-16T12:55:21","slug":"vom-himmelststuermer-zum-letzten-ueberlebenden","status":"publish","type":"page","link":"https:\/\/www.desireewickler.net\/de\/home\/vom-himmelststuermer-zum-letzten-ueberlebenden\/","title":{"rendered":"Vom Himmelstst\u00fcrmer zum letzten \u00dcberlebenden"},"content":{"rendered":"<p>26.10.2011,\u00a0Bonner General Anzeiger<\/p>\n<p>(&#8230;) An den verglasten Br\u00fccken von Caesar hat eine ganz anders arbeitende K\u00fcnstlerin ihre transparenten Kalkpapierzeichnungen aufgeh\u00e4ngt. Ausgehend vom anatomischen und kunsthistorischen Detail findet die Luxemburgerin D\u00e9sir\u00e9e Wickler zu frappierenden Sichtweisen des Alltags. (&#8230;)<\/p>\n<p>Von Ebba Hagenberg-Miliu<\/p>\n","protected":false},"excerpt":{"rendered":"<p>26.10.2011,\u00a0Bonner General Anzeiger (&#8230;) An den verglasten Br\u00fccken von Caesar hat eine ganz anders arbeitende K\u00fcnstlerin ihre transparenten Kalkpapierzeichnungen aufgeh\u00e4ngt. Ausgehend vom anatomischen und kunsthistorischen Detail findet die Luxemburgerin D\u00e9sir\u00e9e Wickler zu frappierenden Sichtweisen des Alltags. (&#8230;) Von Ebba Hagenberg-Miliu<\/p>\n","protected":false},"author":2,"featured_media":452,"parent":6,"menu_order":0,"comment_status":"closed","ping_status":"closed","template":"","meta":{"om_disable_all_campaigns":false,"_exactmetrics_skip_tracking":false,"_exactmetrics_sitenote_active":false,"_exactmetrics_sitenote_note":"","_exactmetrics_sitenote_category":0,"_monsterinsights_skip_tracking":false,"_monsterinsights_sitenote_active":false,"_monsterinsights_sitenote_note":"","_monsterinsights_sitenote_category":0,"footnotes":""},"class_list":["post-450","page","type-page","status-publish","has-post-thumbnail","hentry"],"aioseo_notices":[],"_links":{"self":[{"href":"https:\/\/www.desireewickler.net\/de\/wp-json\/wp\/v2\/pages\/450","targetHints":{"allow":["GET"]}}],"collection":[{"href":"https:\/\/www.desireewickler.net\/de\/wp-json\/wp\/v2\/pages"}],"about":[{"href":"https:\/\/www.desireewickler.net\/de\/wp-json\/wp\/v2\/types\/page"}],"author":[{"embeddable":true,"href":"https:\/\/www.desireewickler.net\/de\/wp-json\/wp\/v2\/users\/2"}],"replies":[{"embeddable":true,"href":"https:\/\/www.desireewickler.net\/de\/wp-json\/wp\/v2\/comments?post=450"}],"version-history":[{"count":0,"href":"https:\/\/www.desireewickler.net\/de\/wp-json\/wp\/v2\/pages\/450\/revisions"}],"up":[{"embeddable":true,"href":"https:\/\/www.desireewickler.net\/de\/wp-json\/wp\/v2\/pages\/6"}],"wp:featuredmedia":[{"embeddable":true,"href":"https:\/\/www.desireewickler.net\/de\/wp-json\/wp\/v2\/media\/452"}],"wp:attachment":[{"href":"https:\/\/www.desireewickler.net\/de\/wp-json\/wp\/v2\/media?parent=450"}],"curies":[{"name":"wp","href":"https:\/\/api.w.org\/{rel}","templated":true}]}}