{"id":423,"date":"2017-05-16T14:36:26","date_gmt":"2017-05-16T12:36:26","guid":{"rendered":"https:\/\/desireewicklerblog.wordpress.com\/?page_id=423"},"modified":"2018-01-24T15:50:40","modified_gmt":"2018-01-24T14:50:40","slug":"abstruse-traeume-im-kissenbezug","status":"publish","type":"page","link":"https:\/\/www.desireewickler.net\/de\/home\/abstruse-traeume-im-kissenbezug\/","title":{"rendered":"Abstruse Tr\u00e4ume im Kissenbezug"},"content":{"rendered":"<p><\/p>\n<h6>24.02.2007, Bonner General Anzeiger<\/h6>\n<p><b>Abstruse Tr\u00e4ume im Kissenbezug<\/b><\/p>\n<p>(&#8230;)<\/p>\n<p>Desir\u00e9e Wickler dagegen hat zwei Ideen in dem Objekt &#8222;Eine Nacht&#8220; verbunden. Ihr Buch pr\u00e4sentiert sich als Zieharmonika-Bettgestell mit mehreren F\u00e4chern &#8211; nat\u00fcrlich aus Papier. In dem System, das durch eine Stecktechnik zusammengehalten wird, finden sich verschiedene Karten. Auf der einen Seite stehen Texte, &#8222;abstruse Tr\u00e4ume&#8220;, wie es Wickler nennt, die auf der R\u00fcckseite zus\u00e4tzlich illustriert wurden. &#8222;Ikarus hat Sonnenbrand, sch\u00fctze deine Haut&#8230; &#8222;, beginnt einer der Tr\u00e4ume. Passend dazu hat die 23-J\u00e4hrige Ikarus als Tusche-Linolium-Druck festgehalten. &#8222;Durch mein Ordnersystem kann der Leser die Karten umsortieren oder neue Tr\u00e4ume hinzuf\u00fcgen&#8220;, unterstreicht die Studentin, die das Ensemble in einen wei\u00dfen Kissenbezug gesteckt hat. (&#8230;)<\/p>\n<p>Von Roland Kohls<\/p>\n<hr \/>\n<h6>Pressemitteilung<\/h6>\n<p><b>Kunst- und Museumsbibliothek kauft <\/b><b>K\u00fcnstlerbuch von <\/b><b>D\u00e9sir\u00e9e Wickler an<\/b><\/p>\n<p>Zum Abschluss der Ausstellung \u201eDas K\u00fcnstlerbuch: Ein Raum f\u00fcr Lyrik\u201c hat die Kunst- und Museumsbibliothek (KMB) der Stadt K\u00f6ln f\u00fcr ihre eigene Sammlung das K\u00fcnstlerbuch \u201eeine Nacht\u201c von D\u00e9sir\u00e9e Wickler angekauft. In der Ausstellung zeigten die Studentinnen des Kurses von John Gerard ihre im Semester gefertigten K\u00fcnstlerb\u00fccher zum Thema. In dem von der Kunst- und Museumsbibliothek erworbenen K\u00fcnstlerbuch setzt D\u00e9sir\u00e9e Wickler das Thema der Ausstellung in einer Mischung aus Objekt und Buch um, indem sie ein Bett mit Matratze gestaltet hat, in dessen Falten mehrere Tr\u00e4ume stecken. Das Bett kann sowohl aufgestellt werden, dann ragen die Tr\u00e4ume aus der Matratze heraus, oder leporellohaft zusammengefaltet werden, so dass es flach zusammengelegt ist. Zur Aufbewahrung wird das K\u00fcnstlerbuch in einem ebenfalls von Frau Wickler angefertigten Kopfkissenbezug verwahrt.<\/p>","protected":false},"excerpt":{"rendered":"<p>24.02.2007, Bonner General Anzeiger Abstruse Tr\u00e4ume im Kissenbezug (&#8230;) Desir\u00e9e Wickler dagegen hat zwei Ideen in dem Objekt &#8222;Eine Nacht&#8220; verbunden. Ihr Buch pr\u00e4sentiert sich als Zieharmonika-Bettgestell mit mehreren F\u00e4chern &#8211; nat\u00fcrlich aus Papier. In dem System, das durch eine Stecktechnik zusammengehalten wird, finden sich verschiedene Karten. Auf der einen Seite stehen Texte, &#8222;abstruse Tr\u00e4ume&#8220;, [&hellip;]<\/p>\n","protected":false},"author":2,"featured_media":426,"parent":6,"menu_order":0,"comment_status":"closed","ping_status":"closed","template":"","meta":{"om_disable_all_campaigns":false,"_exactmetrics_skip_tracking":false,"_exactmetrics_sitenote_active":false,"_exactmetrics_sitenote_note":"","_exactmetrics_sitenote_category":0,"_monsterinsights_skip_tracking":false,"_monsterinsights_sitenote_active":false,"_monsterinsights_sitenote_note":"","_monsterinsights_sitenote_category":0,"footnotes":""},"class_list":["post-423","page","type-page","status-publish","has-post-thumbnail","hentry"],"aioseo_notices":[],"_links":{"self":[{"href":"https:\/\/www.desireewickler.net\/de\/wp-json\/wp\/v2\/pages\/423","targetHints":{"allow":["GET"]}}],"collection":[{"href":"https:\/\/www.desireewickler.net\/de\/wp-json\/wp\/v2\/pages"}],"about":[{"href":"https:\/\/www.desireewickler.net\/de\/wp-json\/wp\/v2\/types\/page"}],"author":[{"embeddable":true,"href":"https:\/\/www.desireewickler.net\/de\/wp-json\/wp\/v2\/users\/2"}],"replies":[{"embeddable":true,"href":"https:\/\/www.desireewickler.net\/de\/wp-json\/wp\/v2\/comments?post=423"}],"version-history":[{"count":2,"href":"https:\/\/www.desireewickler.net\/de\/wp-json\/wp\/v2\/pages\/423\/revisions"}],"predecessor-version":[{"id":1511,"href":"https:\/\/www.desireewickler.net\/de\/wp-json\/wp\/v2\/pages\/423\/revisions\/1511"}],"up":[{"embeddable":true,"href":"https:\/\/www.desireewickler.net\/de\/wp-json\/wp\/v2\/pages\/6"}],"wp:featuredmedia":[{"embeddable":true,"href":"https:\/\/www.desireewickler.net\/de\/wp-json\/wp\/v2\/media\/426"}],"wp:attachment":[{"href":"https:\/\/www.desireewickler.net\/de\/wp-json\/wp\/v2\/media?parent=423"}],"curies":[{"name":"wp","href":"https:\/\/api.w.org\/{rel}","templated":true}]}}