{"id":380,"date":"2017-05-16T13:02:51","date_gmt":"2017-05-16T11:02:51","guid":{"rendered":"https:\/\/desireewicklerblog.wordpress.com\/?page_id=380"},"modified":"2018-01-24T15:52:22","modified_gmt":"2018-01-24T14:52:22","slug":"desiree-wicklers-gastmahl-laedt-zur-betrachtung-ein","status":"publish","type":"page","link":"https:\/\/www.desireewickler.net\/de\/home\/desiree-wicklers-gastmahl-laedt-zur-betrachtung-ein\/","title":{"rendered":"Desiree Wickler&#8217;s &#8222;Gastmahl&#8220; l\u00e4dt zur Betrachtung ein"},"content":{"rendered":"<p><\/p>\n<h6>13.03.2013,\u00a0Schaufenster<\/h6>\n<p>(&#8230;)<\/p>\n<p>Das &#8222;Gastmahl&#8220; zeigt einen Mann, der im Wohnzimmer auf dem Tisch liegt &#8211; dies ist allerdings nur eines der vielen Elemente, die von den G\u00e4sten der Ausstellungser\u00f6ffnung mit gr\u00f6\u00dftem Interesse diskutiert worden sind. Die K\u00fcnstlerin selber lie\u00df die Frage nach dem Sinn jener Elemente eher offen. Nur soviel sagte sie dazu: die Szene basiere auf einer Textpassage von Marguerite Duras&#8216; Roman &#8222;La maladie de la mort&#8220;, oder auf Deutsch &#8222;Die Krankheit Tod&#8220;. Sie handelt von dem Tod eines geliebten Menschen. Die Frage nach Fiktion oder Realit\u00e4t geht mit dieser Bedeutung einher: kann man einen Menschen so sehr besitzen wollen, dass man ihn t\u00f6tet? Das Bild \u00e4hnelt einer Traumsequenz. Schl\u00e4ft der Mann oder ist er tot? Und ist das Gastmahl im Grunde eher ein Leichenschmaus?<\/p>\n<p>Auch die Farbgebung des Bildes ist zu bemerken. Es arbeitet viel mit der Farbe Gold, einem wertvollen Rohstoff einerseits, so die K\u00fcnstlerin, aber gleichzeitig k\u00f6nne man ihn auch so &#8222;unwertvoll&#8220; darstellen, dass er wie eine eingerissene Tapete daherkomme. Die Farbe verliert in dem Kunstwerk das ihr sonst eigene sch\u00f6ne und gl\u00e4nzende; sie unterstreicht die Parallele zwischen Fiktion und Realit\u00e4t, die das &#8222;Gastmahl&#8220; verk\u00f6rpert. Die Arbeit mit Acryl und Tusche \u00fcbert\u00f6nt jedoch nicht das Skizzenhafte des Bildes, welches D\u00e9sir\u00e9e Wickler besonders am Herzen liegt.<\/p>\n<p>Die &#8222;Einladung zum Tee&#8220; ist in gewisser Weise aus dem &#8222;Gastmahl&#8220; hervorgegangen. Was kann alles bei einer solchen Teegesellschaft geschehen? Auf diese Frage antworten die Bilder, zumindest teilweise, und erz\u00e4hlen zusammen mit ihren Kommentaren eine nicht minder traumhafte Geschichte. Nicht alles war von vornherein geplant, mal sei zuerst der Spruch entstanden, und mal das Bild, so die K\u00fcnstlerin. Raum f\u00fcr Interpretation ist jedenfalls noch zu Gen\u00fcge vorhanden.<\/p>\n<p>(&#8230;)<\/p>","protected":false},"excerpt":{"rendered":"<p>13.03.2013,\u00a0Schaufenster (&#8230;) Das &#8222;Gastmahl&#8220; zeigt einen Mann, der im Wohnzimmer auf dem Tisch liegt &#8211; dies ist allerdings nur eines der vielen Elemente, die von den G\u00e4sten der Ausstellungser\u00f6ffnung mit gr\u00f6\u00dftem Interesse diskutiert worden sind. Die K\u00fcnstlerin selber lie\u00df die Frage nach dem Sinn jener Elemente eher offen. Nur soviel sagte sie dazu: die Szene [&hellip;]<\/p>\n","protected":false},"author":2,"featured_media":383,"parent":6,"menu_order":0,"comment_status":"closed","ping_status":"closed","template":"","meta":{"om_disable_all_campaigns":false,"_exactmetrics_skip_tracking":false,"_exactmetrics_sitenote_active":false,"_exactmetrics_sitenote_note":"","_exactmetrics_sitenote_category":0,"_monsterinsights_skip_tracking":false,"_monsterinsights_sitenote_active":false,"_monsterinsights_sitenote_note":"","_monsterinsights_sitenote_category":0,"footnotes":""},"class_list":["post-380","page","type-page","status-publish","has-post-thumbnail","hentry"],"aioseo_notices":[],"_links":{"self":[{"href":"https:\/\/www.desireewickler.net\/de\/wp-json\/wp\/v2\/pages\/380","targetHints":{"allow":["GET"]}}],"collection":[{"href":"https:\/\/www.desireewickler.net\/de\/wp-json\/wp\/v2\/pages"}],"about":[{"href":"https:\/\/www.desireewickler.net\/de\/wp-json\/wp\/v2\/types\/page"}],"author":[{"embeddable":true,"href":"https:\/\/www.desireewickler.net\/de\/wp-json\/wp\/v2\/users\/2"}],"replies":[{"embeddable":true,"href":"https:\/\/www.desireewickler.net\/de\/wp-json\/wp\/v2\/comments?post=380"}],"version-history":[{"count":1,"href":"https:\/\/www.desireewickler.net\/de\/wp-json\/wp\/v2\/pages\/380\/revisions"}],"predecessor-version":[{"id":1512,"href":"https:\/\/www.desireewickler.net\/de\/wp-json\/wp\/v2\/pages\/380\/revisions\/1512"}],"up":[{"embeddable":true,"href":"https:\/\/www.desireewickler.net\/de\/wp-json\/wp\/v2\/pages\/6"}],"wp:featuredmedia":[{"embeddable":true,"href":"https:\/\/www.desireewickler.net\/de\/wp-json\/wp\/v2\/media\/383"}],"wp:attachment":[{"href":"https:\/\/www.desireewickler.net\/de\/wp-json\/wp\/v2\/media?parent=380"}],"curies":[{"name":"wp","href":"https:\/\/api.w.org\/{rel}","templated":true}]}}