{"id":341,"date":"2017-05-16T11:31:20","date_gmt":"2017-05-16T09:31:20","guid":{"rendered":"https:\/\/desireewicklerblog.wordpress.com\/?page_id=341"},"modified":"2020-08-29T14:22:06","modified_gmt":"2020-08-29T12:22:06","slug":"curatorial-text","status":"publish","type":"page","link":"https:\/\/www.desireewickler.net\/de\/home\/curatorial-text\/","title":{"rendered":"Zeichnung und Druckgrafik bei D\u00e9sir\u00e9e Wickler"},"content":{"rendered":"<p>D\u00e9sir\u00e9e Wickler hat sich in den letzten Jahren durch ihre kontinuierliche k\u00fcnstlerische Arbeit und eine rege Ausstellungst\u00e4tigkeit auf nationaler wie internationaler Ebene einen hervorragenden Ruf im Bereich der Zeichnung, der Druckgrafik und des K\u00fcnstlerbuches erworben.<\/p>\n<p>Ihr k\u00fcnstlerisches Hauptthema ist die Frage nach der Selbstidentit\u00e4t des Menschen; ihr prim\u00e4rer Darstellungsgegenstand der zumeist weibliche K\u00f6rper. Mit Schwung und Ausdauer umkreist sie Fragen nach einem selbstbewussten Umgang mit dem eigenen K\u00f6rper und individueller Sch\u00f6nheit. Die Auseinandersetzung mit den eigenen und den von au\u00dfen an das Individuum herangetragenen Anspr\u00fcchen zieht sich wie ein roter Faden durch ihr vielschichtiges Werk. Die ostentative Nacktheit der K\u00f6rper wird dabei zu einer Metapher f\u00fcr die Suche nach dem eigenen Selbst, das sich immer zwischen Introspektion und Au\u00dfenschau bewegt.<br \/>\nBei dieser Suche legt D\u00e9sir\u00e9e Wickler die ebenso faszinierende wie erstaunliche Widerspr\u00fcchlichkeit des Menschen frei. In einer allgemeineren Herangehensweise beleuchtet sie vor diesem Hintergrund die Wechselwirkungen des Menschen mit der Gesellschaft.<\/p>\n<p>Ihre Zeichnungen und Grafiken wirken oftmals sehr schroff und grob. Dabei gelingt es ihr, ein angemessenes Wechselspiel zwischen formaler Gestaltung und der angestrebten Aussageintention herzustellen. Neben der unleugbaren H\u00e4rte vieler Arbeiten finden sich h\u00e4ufig auch sehr zarte Momente in den Werken wieder. Hier bekommen die Figuren etwas sehr Anr\u00fchrendes und Sanftes. Sensibel setzt D\u00e9sir\u00e9e Wickler immer wieder die internen Spannungsfelder des fragilen Ichs ins Bild.<\/p>\n<p>Was sowohl bei den Zeichnungen als auch im druckgrafischen Werk auff\u00e4llt, ist der verbl\u00fcffende Reichtum der Materialien und Techniken, die zum Einsatz kommen. M\u00fchelos \u00fcberf\u00fchrt D\u00e9sir\u00e9e Wickler diese Mannigfaltigkeit immer wieder in ihre unverwechselbare k\u00fcnstlerische Handschrift.<br \/>\nDabei entwickelt sie ihre Arbeiten oftmals Schicht f\u00fcr Schicht, wodurch es zu einem komplexen Wechselspiel zwischen pr\u00e4gnant gesetzten Verdichtungen und locker gestalteten Fl\u00e4chen kommt. Die Zeichnungen erhalten eine sehr haptische Dimension und das Auge des Betrachters tastet unerm\u00fcdlich die lebendigen Oberfl\u00e4chen ab und versucht best\u00e4ndig sinnf\u00e4llige Beziehungen zwischen den Bildelementen herzustellen. Damit erreicht sie eine sehr viel unmittelbarere Integration des Betrachters. Gerade bei den K\u00fcnstlerb\u00fcchern wird deutlich, auf wie vielen Sinnesebenen eine Rezeption der Arbeiten m\u00f6glich wird. Es entstehen sehr pers\u00f6nliche, fast schon intime Situationen bei der Besch\u00e4ftigung mit diesen Kleinoden der B\u00fccherkunst.<\/p>\n<p>Eine einzigartige Verzahnung ihrer Zeichnungen mit dem Umgebungsraum schafft sie, wenn sie ortsgebundene Arbeiten realisiert. Entsprechend den r\u00e4umlichen Vorgaben konzipiert sie Arbeiten, die in den Kontext eng eingebunden sind und die in ein Dialogverh\u00e4ltnis zum Umgebungsraum eintreten.<br \/>\nEine zentrale Rolle spielt hierbei das Licht, das die Werke abh\u00e4ngig von der Tageszeit durchleuchtet und in ihrer Wirkung massiv beeinflusst. Hier wird das Licht zu einem entscheidenden Faktor hinsichtlich der \u00e4sthetischen und inhaltlichen Aussagekraft der Zeichnungen.<\/p>\n<p>D\u00e9sir\u00e9e Wicklers singul\u00e4res Werk besticht durch die intensive Auseinandersetzung mit den Themen selber sowie auch die beharrliche Suche nach der optimalen \u00e4sthetischen Pr\u00e4sentationsform. Mit emphatischer Teilnahme und mit einer Prise Humor gew\u00fcrzt vertritt sie einen authentischen k\u00fcnstlerischen Standpunkt, dessen Komplexit\u00e4t die wesensimmanente Widerspr\u00fcchlichkeit des Menschen spiegelt. Es entstehen Arbeiten, die uns unter die Haut gehen und uns nicht ruhen lassen.<\/p>\n<p>Von Steffen Neuburger, Kunsthistoriker<\/p>","protected":false},"excerpt":{"rendered":"<p>D\u00e9sir\u00e9e Wickler hat sich in den letzten Jahren durch ihre kontinuierliche k\u00fcnstlerische Arbeit und eine rege Ausstellungst\u00e4tigkeit auf nationaler wie internationaler Ebene einen hervorragenden Ruf im Bereich der Zeichnung, der Druckgrafik und des K\u00fcnstlerbuches erworben. Ihr k\u00fcnstlerisches Hauptthema ist die Frage nach der Selbstidentit\u00e4t des Menschen; ihr prim\u00e4rer Darstellungsgegenstand der zumeist weibliche K\u00f6rper. Mit Schwung [&hellip;]<\/p>\n","protected":false},"author":2,"featured_media":0,"parent":6,"menu_order":0,"comment_status":"closed","ping_status":"closed","template":"","meta":{"om_disable_all_campaigns":false,"_exactmetrics_skip_tracking":false,"_exactmetrics_sitenote_active":false,"_exactmetrics_sitenote_note":"","_exactmetrics_sitenote_category":0,"_monsterinsights_skip_tracking":false,"_monsterinsights_sitenote_active":false,"_monsterinsights_sitenote_note":"","_monsterinsights_sitenote_category":0,"footnotes":""},"class_list":["post-341","page","type-page","status-publish","hentry"],"aioseo_notices":[],"_links":{"self":[{"href":"https:\/\/www.desireewickler.net\/de\/wp-json\/wp\/v2\/pages\/341","targetHints":{"allow":["GET"]}}],"collection":[{"href":"https:\/\/www.desireewickler.net\/de\/wp-json\/wp\/v2\/pages"}],"about":[{"href":"https:\/\/www.desireewickler.net\/de\/wp-json\/wp\/v2\/types\/page"}],"author":[{"embeddable":true,"href":"https:\/\/www.desireewickler.net\/de\/wp-json\/wp\/v2\/users\/2"}],"replies":[{"embeddable":true,"href":"https:\/\/www.desireewickler.net\/de\/wp-json\/wp\/v2\/comments?post=341"}],"version-history":[{"count":2,"href":"https:\/\/www.desireewickler.net\/de\/wp-json\/wp\/v2\/pages\/341\/revisions"}],"predecessor-version":[{"id":2630,"href":"https:\/\/www.desireewickler.net\/de\/wp-json\/wp\/v2\/pages\/341\/revisions\/2630"}],"up":[{"embeddable":true,"href":"https:\/\/www.desireewickler.net\/de\/wp-json\/wp\/v2\/pages\/6"}],"wp:attachment":[{"href":"https:\/\/www.desireewickler.net\/de\/wp-json\/wp\/v2\/media?parent=341"}],"curies":[{"name":"wp","href":"https:\/\/api.w.org\/{rel}","templated":true}]}}